{"id":14,"date":"2020-12-18T17:56:12","date_gmt":"2020-12-18T20:56:12","guid":{"rendered":"http:\/\/cabelosbaronesa.com.br\/aricanduva\/?page_id=14"},"modified":"2023-01-12T15:22:15","modified_gmt":"2023-01-12T18:22:15","slug":"institucional","status":"publish","type":"page","link":"https:\/\/colegiocostaaguiar.com.br\/aricanduva\/institucional\/","title":{"rendered":"Institucional"},"content":{"rendered":"\t\t<div data-elementor-type=\"wp-page\" data-elementor-id=\"14\" class=\"elementor elementor-14\" data-elementor-post-type=\"page\">\n\t\t\t\t\t\t<section class=\"elementor-section elementor-top-section elementor-element elementor-element-51df961 elementor-section-stretched elementor-section-boxed elementor-section-height-default elementor-section-height-default\" data-id=\"51df961\" data-element_type=\"section\" data-settings=\"{&quot;stretch_section&quot;:&quot;section-stretched&quot;,&quot;background_background&quot;:&quot;classic&quot;}\">\n\t\t\t\t\t\t<div class=\"elementor-container elementor-column-gap-default\">\n\t\t\t\t\t<div class=\"elementor-column elementor-col-100 elementor-top-column elementor-element elementor-element-18b612c\" data-id=\"18b612c\" data-element_type=\"column\">\n\t\t\t<div class=\"elementor-widget-wrap elementor-element-populated\">\n\t\t\t\t\t\t<div class=\"elementor-element elementor-element-15269ab elementor-widget elementor-widget-heading\" data-id=\"15269ab\" data-element_type=\"widget\" data-widget_type=\"heading.default\">\n\t\t\t\t<div class=\"elementor-widget-container\">\n\t\t\t<h2 class=\"elementor-heading-title elementor-size-default\">Sobre o Col\u00e9gio<\/h2>\t\t<\/div>\n\t\t\t\t<\/div>\n\t\t\t\t<div class=\"elementor-element elementor-element-5da5eea elementor-widget elementor-widget-text-editor\" data-id=\"5da5eea\" data-element_type=\"widget\" data-widget_type=\"text-editor.default\">\n\t\t\t\t<div class=\"elementor-widget-container\">\n\t\t\t\t\t\t\t<p>O Col\u00e9gio Costa Aguiar foi fundado em 1995, por uma equipe de profissionais da \u00e1rea que se preocupava com uma proposta pedag\u00f3gica que formasse o indiv\u00edduo n\u00e3o somente no aspecto cognitivo, mas tamb\u00e9m no \u00e9tico e moral. A ideia principal surgiu pelo interesse de oferecer a comunidade um ensino de qualidade. Desde sua cria\u00e7\u00e3o, o Col\u00e9gio Costa Aguiar vem crescendo e deixando sua marca na regi\u00e3o como uma escola diferenciada. Hoje, atende alunos do Ber\u00e7\u00e1rio, Educa\u00e7\u00e3o Infantil, Ensino Fundamental I e II e Ensino M\u00e9dio. Possui 3 unidades em regi\u00f5es diferentes.<\/p><p>O Col\u00e9gio Costa Aguiar procura conhecer cada aluno e sua fam\u00edlia, a fim de respeitar as diferen\u00e7as individuais, objetivando formar indiv\u00edduos cr\u00edticos, criativos, com boa forma\u00e7\u00e3o cultural e valores humanit\u00e1rios.<\/p><p>Nossa institui\u00e7\u00e3o acredita que a melhor proposta educacional \u00e9 aquela em que o aluno se sente acolhido, protegido, seguro, amado, respeitado e estimulado.<\/p><h3><span class=\"subtitulo1\">MISS\u00c3O<\/span><\/h3><p>Promover a forma\u00e7\u00e3o integral do aluno de maneira competente e respons\u00e1vel, proporcionando as melhores experi\u00eancias para o seu desenvolvimento emocional, f\u00edsico e social.<\/p><h3><span class=\"subtitulo2\">VIS\u00c3O<\/span><\/h3><p>Ser um referencial no ensino, desenvolvendo um trabalho educacional com qualidade e preocupando-se com o bem estar dos alunos, fam\u00edlia e sociedade.<\/p><h3 class=\"subtitulo3\">VALORES<\/h3><ul><li>Est\u00edmulo constante ao aprendizado;<\/li><li>\u00c9tica, honestidade e respeito;<\/li><li>Amor e dedica\u00e7\u00e3o;<\/li><li>Credibilidade, clareza e confidencialidade das informa\u00e7\u00f5es na comunica\u00e7\u00e3o entre escola, alunos e pais;<\/li><li>Ambiente acolhedor e instala\u00e7\u00f5es modernas;<\/li><li>Profissionais com excelente forma\u00e7\u00e3o.<\/li><\/ul>\t\t\t\t\t\t<\/div>\n\t\t\t\t<\/div>\n\t\t\t\t\t<\/div>\n\t\t<\/div>\n\t\t\t\t\t<\/div>\n\t\t<\/section>\n\t\t\t\t<\/div>\n\t\t","protected":false},"excerpt":{"rendered":"<p>Sobre o Col\u00e9gio O Col\u00e9gio Costa Aguiar foi fundado em 1995, por uma equipe de profissionais da \u00e1rea que se preocupava com uma proposta pedag\u00f3gica&hellip;<\/p>\n","protected":false},"author":1,"featured_media":0,"parent":0,"menu_order":0,"comment_status":"closed","ping_status":"closed","template":"","meta":{"_joinchat":[],"footnotes":""},"class_list":["post-14","page","type-page","status-publish","hentry"],"yoast_head":"<!-- This site is optimized with the Yoast SEO plugin v25.8 - https:\/\/yoast.com\/wordpress\/plugins\/seo\/ -->\n<title>Institucional - Col\u00e9gio Costa Aguiar - Aricanduva<\/title>\n<meta name=\"robots\" content=\"index, follow, max-snippet:-1, max-image-preview:large, max-video-preview:-1\" \/>\n<link rel=\"canonical\" href=\"https:\/\/colegiocostaaguiar.com.br\/aricanduva\/institucional\/\" \/>\n<meta property=\"og:locale\" content=\"pt_BR\" \/>\n<meta property=\"og:type\" content=\"article\" \/>\n<meta property=\"og:title\" content=\"Institucional - Col\u00e9gio Costa Aguiar - Aricanduva\" \/>\n<meta property=\"og:description\" content=\"Sobre o Col\u00e9gio O Col\u00e9gio Costa Aguiar foi fundado em 1995, por uma equipe de profissionais da \u00e1rea que se preocupava com uma proposta pedag\u00f3gica&hellip;\" \/>\n<meta property=\"og:url\" content=\"https:\/\/colegiocostaaguiar.com.br\/aricanduva\/institucional\/\" \/>\n<meta property=\"og:site_name\" content=\"Col\u00e9gio Costa Aguiar - Aricanduva\" \/>\n<meta property=\"article:modified_time\" content=\"2023-01-12T18:22:15+00:00\" \/>\n<meta name=\"twitter:card\" content=\"summary_large_image\" \/>\n<meta name=\"twitter:label1\" content=\"Est. tempo de leitura\" \/>\n\t<meta name=\"twitter:data1\" content=\"1 minuto\" \/>\n<script type=\"application\/ld+json\" class=\"yoast-schema-graph\">{\"@context\":\"https:\/\/schema.org\",\"@graph\":[{\"@type\":\"WebPage\",\"@id\":\"https:\/\/colegiocostaaguiar.com.br\/aricanduva\/institucional\/\",\"url\":\"https:\/\/colegiocostaaguiar.com.br\/aricanduva\/institucional\/\",\"name\":\"Institucional - Col\u00e9gio Costa Aguiar - Aricanduva\",\"isPartOf\":{\"@id\":\"https:\/\/colegiocostaaguiar.com.br\/aricanduva\/#website\"},\"datePublished\":\"2020-12-18T20:56:12+00:00\",\"dateModified\":\"2023-01-12T18:22:15+00:00\",\"breadcrumb\":{\"@id\":\"https:\/\/colegiocostaaguiar.com.br\/aricanduva\/institucional\/#breadcrumb\"},\"inLanguage\":\"pt-BR\",\"potentialAction\":[{\"@type\":\"ReadAction\",\"target\":[\"https:\/\/colegiocostaaguiar.com.br\/aricanduva\/institucional\/\"]}]},{\"@type\":\"BreadcrumbList\",\"@id\":\"https:\/\/colegiocostaaguiar.com.br\/aricanduva\/institucional\/#breadcrumb\",\"itemListElement\":[{\"@type\":\"ListItem\",\"position\":1,\"name\":\"In\u00edcio\",\"item\":\"https:\/\/colegiocostaaguiar.com.br\/aricanduva\/\"},{\"@type\":\"ListItem\",\"position\":2,\"name\":\"Institucional\"}]},{\"@type\":\"WebSite\",\"@id\":\"https:\/\/colegiocostaaguiar.com.br\/aricanduva\/#website\",\"url\":\"https:\/\/colegiocostaaguiar.com.br\/aricanduva\/\",\"name\":\"Col\u00e9gio Costa Aguiar - Aricanduva\",\"description\":\"S\u00f3 mais um site Col\u00e9gio Costa Aguiar sites\",\"publisher\":{\"@id\":\"https:\/\/colegiocostaaguiar.com.br\/aricanduva\/#organization\"},\"potentialAction\":[{\"@type\":\"SearchAction\",\"target\":{\"@type\":\"EntryPoint\",\"urlTemplate\":\"https:\/\/colegiocostaaguiar.com.br\/aricanduva\/?s={search_term_string}\"},\"query-input\":{\"@type\":\"PropertyValueSpecification\",\"valueRequired\":true,\"valueName\":\"search_term_string\"}}],\"inLanguage\":\"pt-BR\"},{\"@type\":\"Organization\",\"@id\":\"https:\/\/colegiocostaaguiar.com.br\/aricanduva\/#organization\",\"name\":\"Col\u00e9gio Costa Aguiar - Aricanduva\",\"url\":\"https:\/\/colegiocostaaguiar.com.br\/aricanduva\/\",\"logo\":{\"@type\":\"ImageObject\",\"inLanguage\":\"pt-BR\",\"@id\":\"https:\/\/colegiocostaaguiar.com.br\/aricanduva\/#\/schema\/logo\/image\/\",\"url\":\"https:\/\/colegiocostaaguiar.com.br\/aricanduva\/wp-content\/uploads\/sites\/2\/2020\/12\/cropped-face-logo.png\",\"contentUrl\":\"https:\/\/colegiocostaaguiar.com.br\/aricanduva\/wp-content\/uploads\/sites\/2\/2020\/12\/cropped-face-logo.png\",\"width\":261,\"height\":220,\"caption\":\"Col\u00e9gio Costa Aguiar - Aricanduva\"},\"image\":{\"@id\":\"https:\/\/colegiocostaaguiar.com.br\/aricanduva\/#\/schema\/logo\/image\/\"}}]}<\/script>\n<!-- \/ Yoast SEO plugin. -->","yoast_head_json":{"title":"Institucional - Col\u00e9gio Costa Aguiar - Aricanduva","robots":{"index":"index","follow":"follow","max-snippet":"max-snippet:-1","max-image-preview":"max-image-preview:large","max-video-preview":"max-video-preview:-1"},"canonical":"https:\/\/colegiocostaaguiar.com.br\/aricanduva\/institucional\/","og_locale":"pt_BR","og_type":"article","og_title":"Institucional - Col\u00e9gio Costa Aguiar - Aricanduva","og_description":"Sobre o Col\u00e9gio O Col\u00e9gio Costa Aguiar foi fundado em 1995, por uma equipe de profissionais da \u00e1rea que se preocupava com uma proposta pedag\u00f3gica&hellip;","og_url":"https:\/\/colegiocostaaguiar.com.br\/aricanduva\/institucional\/","og_site_name":"Col\u00e9gio Costa Aguiar - Aricanduva","article_modified_time":"2023-01-12T18:22:15+00:00","twitter_card":"summary_large_image","twitter_misc":{"Est. tempo de leitura":"1 minuto"},"schema":{"@context":"https:\/\/schema.org","@graph":[{"@type":"WebPage","@id":"https:\/\/colegiocostaaguiar.com.br\/aricanduva\/institucional\/","url":"https:\/\/colegiocostaaguiar.com.br\/aricanduva\/institucional\/","name":"Institucional - Col\u00e9gio Costa Aguiar - Aricanduva","isPartOf":{"@id":"https:\/\/colegiocostaaguiar.com.br\/aricanduva\/#website"},"datePublished":"2020-12-18T20:56:12+00:00","dateModified":"2023-01-12T18:22:15+00:00","breadcrumb":{"@id":"https:\/\/colegiocostaaguiar.com.br\/aricanduva\/institucional\/#breadcrumb"},"inLanguage":"pt-BR","potentialAction":[{"@type":"ReadAction","target":["https:\/\/colegiocostaaguiar.com.br\/aricanduva\/institucional\/"]}]},{"@type":"BreadcrumbList","@id":"https:\/\/colegiocostaaguiar.com.br\/aricanduva\/institucional\/#breadcrumb","itemListElement":[{"@type":"ListItem","position":1,"name":"In\u00edcio","item":"https:\/\/colegiocostaaguiar.com.br\/aricanduva\/"},{"@type":"ListItem","position":2,"name":"Institucional"}]},{"@type":"WebSite","@id":"https:\/\/colegiocostaaguiar.com.br\/aricanduva\/#website","url":"https:\/\/colegiocostaaguiar.com.br\/aricanduva\/","name":"Col\u00e9gio Costa Aguiar - Aricanduva","description":"S\u00f3 mais um site Col\u00e9gio Costa Aguiar sites","publisher":{"@id":"https:\/\/colegiocostaaguiar.com.br\/aricanduva\/#organization"},"potentialAction":[{"@type":"SearchAction","target":{"@type":"EntryPoint","urlTemplate":"https:\/\/colegiocostaaguiar.com.br\/aricanduva\/?s={search_term_string}"},"query-input":{"@type":"PropertyValueSpecification","valueRequired":true,"valueName":"search_term_string"}}],"inLanguage":"pt-BR"},{"@type":"Organization","@id":"https:\/\/colegiocostaaguiar.com.br\/aricanduva\/#organization","name":"Col\u00e9gio Costa Aguiar - Aricanduva","url":"https:\/\/colegiocostaaguiar.com.br\/aricanduva\/","logo":{"@type":"ImageObject","inLanguage":"pt-BR","@id":"https:\/\/colegiocostaaguiar.com.br\/aricanduva\/#\/schema\/logo\/image\/","url":"https:\/\/colegiocostaaguiar.com.br\/aricanduva\/wp-content\/uploads\/sites\/2\/2020\/12\/cropped-face-logo.png","contentUrl":"https:\/\/colegiocostaaguiar.com.br\/aricanduva\/wp-content\/uploads\/sites\/2\/2020\/12\/cropped-face-logo.png","width":261,"height":220,"caption":"Col\u00e9gio Costa Aguiar - Aricanduva"},"image":{"@id":"https:\/\/colegiocostaaguiar.com.br\/aricanduva\/#\/schema\/logo\/image\/"}}]}},"_links":{"self":[{"href":"https:\/\/colegiocostaaguiar.com.br\/aricanduva\/wp-json\/wp\/v2\/pages\/14","targetHints":{"allow":["GET"]}}],"collection":[{"href":"https:\/\/colegiocostaaguiar.com.br\/aricanduva\/wp-json\/wp\/v2\/pages"}],"about":[{"href":"https:\/\/colegiocostaaguiar.com.br\/aricanduva\/wp-json\/wp\/v2\/types\/page"}],"author":[{"embeddable":true,"href":"https:\/\/colegiocostaaguiar.com.br\/aricanduva\/wp-json\/wp\/v2\/users\/1"}],"replies":[{"embeddable":true,"href":"https:\/\/colegiocostaaguiar.com.br\/aricanduva\/wp-json\/wp\/v2\/comments?post=14"}],"version-history":[{"count":4,"href":"https:\/\/colegiocostaaguiar.com.br\/aricanduva\/wp-json\/wp\/v2\/pages\/14\/revisions"}],"predecessor-version":[{"id":170,"href":"https:\/\/colegiocostaaguiar.com.br\/aricanduva\/wp-json\/wp\/v2\/pages\/14\/revisions\/170"}],"wp:attachment":[{"href":"https:\/\/colegiocostaaguiar.com.br\/aricanduva\/wp-json\/wp\/v2\/media?parent=14"}],"curies":[{"name":"wp","href":"https:\/\/api.w.org\/{rel}","templated":true}]}}