{"id":176,"date":"2023-01-12T16:39:22","date_gmt":"2023-01-12T19:39:22","guid":{"rendered":"https:\/\/colegiocostaaguiar.com.br\/aricanduva\/?page_id=176"},"modified":"2023-01-12T16:39:22","modified_gmt":"2023-01-12T19:39:22","slug":"fotos","status":"publish","type":"page","link":"https:\/\/colegiocostaaguiar.com.br\/aricanduva\/fotos\/","title":{"rendered":"Fotos"},"content":{"rendered":"\n<div class=\"wp-block-themeisle-blocks-advanced-columns has-undefined-columns has-desktop-undefined-layout has-tablet-equal-layout has-mobile-equal-layout has-default-gap has-vertical-unset\" id=\"wp-block-themeisle-blocks-advanced-columns-9033bd52\"><div class=\"wp-block-themeisle-blocks-advanced-columns-overlay\"><\/div><div class=\"innerblocks-wrap\"><\/div><\/div>\n","protected":false},"excerpt":{"rendered":"","protected":false},"author":1,"featured_media":0,"parent":0,"menu_order":0,"comment_status":"closed","ping_status":"closed","template":"","meta":{"_joinchat":[],"footnotes":""},"class_list":["post-176","page","type-page","status-publish","hentry"],"yoast_head":"<!-- This site is optimized with the Yoast SEO plugin v25.8 - https:\/\/yoast.com\/wordpress\/plugins\/seo\/ -->\n<title>Fotos - Col\u00e9gio Costa Aguiar - Aricanduva<\/title>\n<meta name=\"robots\" content=\"index, follow, max-snippet:-1, max-image-preview:large, max-video-preview:-1\" \/>\n<link rel=\"canonical\" href=\"https:\/\/colegiocostaaguiar.com.br\/aricanduva\/fotos\/\" \/>\n<meta property=\"og:locale\" content=\"pt_BR\" \/>\n<meta property=\"og:type\" content=\"article\" \/>\n<meta property=\"og:title\" content=\"Fotos - Col\u00e9gio Costa Aguiar - Aricanduva\" \/>\n<meta property=\"og:url\" content=\"https:\/\/colegiocostaaguiar.com.br\/aricanduva\/fotos\/\" \/>\n<meta property=\"og:site_name\" content=\"Col\u00e9gio Costa Aguiar - Aricanduva\" \/>\n<meta name=\"twitter:card\" content=\"summary_large_image\" \/>\n<script type=\"application\/ld+json\" class=\"yoast-schema-graph\">{\"@context\":\"https:\/\/schema.org\",\"@graph\":[{\"@type\":\"WebPage\",\"@id\":\"https:\/\/colegiocostaaguiar.com.br\/aricanduva\/fotos\/\",\"url\":\"https:\/\/colegiocostaaguiar.com.br\/aricanduva\/fotos\/\",\"name\":\"Fotos - Col\u00e9gio Costa Aguiar - Aricanduva\",\"isPartOf\":{\"@id\":\"https:\/\/colegiocostaaguiar.com.br\/aricanduva\/#website\"},\"datePublished\":\"2023-01-12T19:39:22+00:00\",\"breadcrumb\":{\"@id\":\"https:\/\/colegiocostaaguiar.com.br\/aricanduva\/fotos\/#breadcrumb\"},\"inLanguage\":\"pt-BR\",\"potentialAction\":[{\"@type\":\"ReadAction\",\"target\":[\"https:\/\/colegiocostaaguiar.com.br\/aricanduva\/fotos\/\"]}]},{\"@type\":\"BreadcrumbList\",\"@id\":\"https:\/\/colegiocostaaguiar.com.br\/aricanduva\/fotos\/#breadcrumb\",\"itemListElement\":[{\"@type\":\"ListItem\",\"position\":1,\"name\":\"In\u00edcio\",\"item\":\"https:\/\/colegiocostaaguiar.com.br\/aricanduva\/\"},{\"@type\":\"ListItem\",\"position\":2,\"name\":\"Fotos\"}]},{\"@type\":\"WebSite\",\"@id\":\"https:\/\/colegiocostaaguiar.com.br\/aricanduva\/#website\",\"url\":\"https:\/\/colegiocostaaguiar.com.br\/aricanduva\/\",\"name\":\"Col\u00e9gio Costa Aguiar - Aricanduva\",\"description\":\"S\u00f3 mais um site Col\u00e9gio Costa Aguiar sites\",\"publisher\":{\"@id\":\"https:\/\/colegiocostaaguiar.com.br\/aricanduva\/#organization\"},\"potentialAction\":[{\"@type\":\"SearchAction\",\"target\":{\"@type\":\"EntryPoint\",\"urlTemplate\":\"https:\/\/colegiocostaaguiar.com.br\/aricanduva\/?s={search_term_string}\"},\"query-input\":{\"@type\":\"PropertyValueSpecification\",\"valueRequired\":true,\"valueName\":\"search_term_string\"}}],\"inLanguage\":\"pt-BR\"},{\"@type\":\"Organization\",\"@id\":\"https:\/\/colegiocostaaguiar.com.br\/aricanduva\/#organization\",\"name\":\"Col\u00e9gio Costa Aguiar - Aricanduva\",\"url\":\"https:\/\/colegiocostaaguiar.com.br\/aricanduva\/\",\"logo\":{\"@type\":\"ImageObject\",\"inLanguage\":\"pt-BR\",\"@id\":\"https:\/\/colegiocostaaguiar.com.br\/aricanduva\/#\/schema\/logo\/image\/\",\"url\":\"https:\/\/colegiocostaaguiar.com.br\/aricanduva\/wp-content\/uploads\/sites\/2\/2020\/12\/cropped-face-logo.png\",\"contentUrl\":\"https:\/\/colegiocostaaguiar.com.br\/aricanduva\/wp-content\/uploads\/sites\/2\/2020\/12\/cropped-face-logo.png\",\"width\":261,\"height\":220,\"caption\":\"Col\u00e9gio Costa Aguiar - Aricanduva\"},\"image\":{\"@id\":\"https:\/\/colegiocostaaguiar.com.br\/aricanduva\/#\/schema\/logo\/image\/\"}}]}<\/script>\n<!-- \/ Yoast SEO plugin. -->","yoast_head_json":{"title":"Fotos - Col\u00e9gio Costa Aguiar - Aricanduva","robots":{"index":"index","follow":"follow","max-snippet":"max-snippet:-1","max-image-preview":"max-image-preview:large","max-video-preview":"max-video-preview:-1"},"canonical":"https:\/\/colegiocostaaguiar.com.br\/aricanduva\/fotos\/","og_locale":"pt_BR","og_type":"article","og_title":"Fotos - Col\u00e9gio Costa Aguiar - Aricanduva","og_url":"https:\/\/colegiocostaaguiar.com.br\/aricanduva\/fotos\/","og_site_name":"Col\u00e9gio Costa Aguiar - Aricanduva","twitter_card":"summary_large_image","schema":{"@context":"https:\/\/schema.org","@graph":[{"@type":"WebPage","@id":"https:\/\/colegiocostaaguiar.com.br\/aricanduva\/fotos\/","url":"https:\/\/colegiocostaaguiar.com.br\/aricanduva\/fotos\/","name":"Fotos - Col\u00e9gio Costa Aguiar - Aricanduva","isPartOf":{"@id":"https:\/\/colegiocostaaguiar.com.br\/aricanduva\/#website"},"datePublished":"2023-01-12T19:39:22+00:00","breadcrumb":{"@id":"https:\/\/colegiocostaaguiar.com.br\/aricanduva\/fotos\/#breadcrumb"},"inLanguage":"pt-BR","potentialAction":[{"@type":"ReadAction","target":["https:\/\/colegiocostaaguiar.com.br\/aricanduva\/fotos\/"]}]},{"@type":"BreadcrumbList","@id":"https:\/\/colegiocostaaguiar.com.br\/aricanduva\/fotos\/#breadcrumb","itemListElement":[{"@type":"ListItem","position":1,"name":"In\u00edcio","item":"https:\/\/colegiocostaaguiar.com.br\/aricanduva\/"},{"@type":"ListItem","position":2,"name":"Fotos"}]},{"@type":"WebSite","@id":"https:\/\/colegiocostaaguiar.com.br\/aricanduva\/#website","url":"https:\/\/colegiocostaaguiar.com.br\/aricanduva\/","name":"Col\u00e9gio Costa Aguiar - Aricanduva","description":"S\u00f3 mais um site Col\u00e9gio Costa Aguiar sites","publisher":{"@id":"https:\/\/colegiocostaaguiar.com.br\/aricanduva\/#organization"},"potentialAction":[{"@type":"SearchAction","target":{"@type":"EntryPoint","urlTemplate":"https:\/\/colegiocostaaguiar.com.br\/aricanduva\/?s={search_term_string}"},"query-input":{"@type":"PropertyValueSpecification","valueRequired":true,"valueName":"search_term_string"}}],"inLanguage":"pt-BR"},{"@type":"Organization","@id":"https:\/\/colegiocostaaguiar.com.br\/aricanduva\/#organization","name":"Col\u00e9gio Costa Aguiar - Aricanduva","url":"https:\/\/colegiocostaaguiar.com.br\/aricanduva\/","logo":{"@type":"ImageObject","inLanguage":"pt-BR","@id":"https:\/\/colegiocostaaguiar.com.br\/aricanduva\/#\/schema\/logo\/image\/","url":"https:\/\/colegiocostaaguiar.com.br\/aricanduva\/wp-content\/uploads\/sites\/2\/2020\/12\/cropped-face-logo.png","contentUrl":"https:\/\/colegiocostaaguiar.com.br\/aricanduva\/wp-content\/uploads\/sites\/2\/2020\/12\/cropped-face-logo.png","width":261,"height":220,"caption":"Col\u00e9gio Costa Aguiar - Aricanduva"},"image":{"@id":"https:\/\/colegiocostaaguiar.com.br\/aricanduva\/#\/schema\/logo\/image\/"}}]}},"_links":{"self":[{"href":"https:\/\/colegiocostaaguiar.com.br\/aricanduva\/wp-json\/wp\/v2\/pages\/176","targetHints":{"allow":["GET"]}}],"collection":[{"href":"https:\/\/colegiocostaaguiar.com.br\/aricanduva\/wp-json\/wp\/v2\/pages"}],"about":[{"href":"https:\/\/colegiocostaaguiar.com.br\/aricanduva\/wp-json\/wp\/v2\/types\/page"}],"author":[{"embeddable":true,"href":"https:\/\/colegiocostaaguiar.com.br\/aricanduva\/wp-json\/wp\/v2\/users\/1"}],"replies":[{"embeddable":true,"href":"https:\/\/colegiocostaaguiar.com.br\/aricanduva\/wp-json\/wp\/v2\/comments?post=176"}],"version-history":[{"count":1,"href":"https:\/\/colegiocostaaguiar.com.br\/aricanduva\/wp-json\/wp\/v2\/pages\/176\/revisions"}],"predecessor-version":[{"id":177,"href":"https:\/\/colegiocostaaguiar.com.br\/aricanduva\/wp-json\/wp\/v2\/pages\/176\/revisions\/177"}],"wp:attachment":[{"href":"https:\/\/colegiocostaaguiar.com.br\/aricanduva\/wp-json\/wp\/v2\/media?parent=176"}],"curies":[{"name":"wp","href":"https:\/\/api.w.org\/{rel}","templated":true}]}}