{"id":21,"date":"2020-12-18T18:01:52","date_gmt":"2020-12-18T21:01:52","guid":{"rendered":"http:\/\/cabelosbaronesa.com.br\/aricanduva\/?page_id=21"},"modified":"2023-01-12T16:59:52","modified_gmt":"2023-01-12T19:59:52","slug":"infra-estrutura","status":"publish","type":"page","link":"https:\/\/colegiocostaaguiar.com.br\/aricanduva\/infra-estrutura\/","title":{"rendered":"Infraestrutura"},"content":{"rendered":"\t\t<div data-elementor-type=\"wp-page\" data-elementor-id=\"21\" class=\"elementor elementor-21\" data-elementor-post-type=\"page\">\n\t\t\t\t\t\t<section class=\"elementor-section elementor-top-section elementor-element elementor-element-6aeac40 elementor-section-boxed elementor-section-height-default elementor-section-height-default\" data-id=\"6aeac40\" data-element_type=\"section\">\n\t\t\t\t\t\t<div class=\"elementor-container elementor-column-gap-default\">\n\t\t\t\t\t<div class=\"elementor-column elementor-col-100 elementor-top-column elementor-element elementor-element-671827f\" data-id=\"671827f\" data-element_type=\"column\">\n\t\t\t<div class=\"elementor-widget-wrap elementor-element-populated\">\n\t\t\t\t\t\t<div class=\"elementor-element elementor-element-db71afa elementor-widget elementor-widget-heading\" data-id=\"db71afa\" data-element_type=\"widget\" data-widget_type=\"heading.default\">\n\t\t\t\t<div class=\"elementor-widget-container\">\n\t\t\t<h2 class=\"elementor-heading-title elementor-size-default\">Infraestrutura<\/h2>\t\t<\/div>\n\t\t\t\t<\/div>\n\t\t\t\t<div class=\"elementor-element elementor-element-0ec1976 elementor-widget elementor-widget-text-editor\" data-id=\"0ec1976\" data-element_type=\"widget\" data-widget_type=\"text-editor.default\">\n\t\t\t\t<div class=\"elementor-widget-container\">\n\t\t\t\t\t\t\t<p>Atendemos em 03 unidades:\u00a0<br \/><strong>Unidade I:<\/strong> Av. Sat\u00e9lite, 580 &#8211; Jd Santa B\u00e1rbara &#8211; S\u00e3o Paulo \u2013 SP<br \/>Fone: 2919-6836 \/ 2017-4401<\/p><p><strong>Unidade II:<\/strong> Av. Rio das Pedras, 2367, 2377 &#8211; Jd Aricanduva &#8211; S\u00e3o Paulo &#8211; SP<br \/>Fone: 2721-6001 \/ 2721-5720<\/p><p><strong>Unidade IIl:<\/strong> Rua Cantagalo, 2459,2465 &#8211; Tatuap\u00e9 S\u00e3o Paulo &#8211; SP<br \/>Fone: (11) 2093-8444 \/ 2093-0381<\/p><h3>As unidades oferecem seguran\u00e7a e conforto em todo seu espa\u00e7o f\u00edsico:<\/h3><ul type=\"disc\"><li>Biblioteca<\/li><li>Brinquedoteca<\/li><li>Cantina<\/li><li>Laborat\u00f3rio de Ci\u00eancias<\/li><li>Mini-Quadra<\/li><li>Parque da Educa\u00e7\u00e3o Infantil<\/li><li>Parque do Ber\u00e7\u00e1rio<\/li><li>Quadra Esportiva Polivalente<\/li><li>Salas de aula<\/li><li>Sala de V\u00eddeo<\/li><li>Sala de M\u00fasica<\/li><li>Sala de Bal\u00e9 e Dan\u00e7as<\/li><li>Lousa digital<\/li><li>4\u00ba ANO A 3\u00aa S\u00c9RIE DO ENSINO M\u00c9DIO AS SALAS S\u00c3O COM PROJETORES\u00a0 E ELEVADOR E ACESSIBILIDADE<\/li><\/ul>\t\t\t\t\t\t<\/div>\n\t\t\t\t<\/div>\n\t\t\t\t\t<\/div>\n\t\t<\/div>\n\t\t\t\t\t<\/div>\n\t\t<\/section>\n\t\t\t\t<\/div>\n\t\t","protected":false},"excerpt":{"rendered":"<p>Infraestrutura Atendemos em 03 unidades:\u00a0Unidade I: Av. Sat\u00e9lite, 580 &#8211; Jd Santa B\u00e1rbara &#8211; S\u00e3o Paulo \u2013 SPFone: 2919-6836 \/ 2017-4401 Unidade II: Av. Rio&hellip;<\/p>\n","protected":false},"author":1,"featured_media":0,"parent":0,"menu_order":0,"comment_status":"closed","ping_status":"closed","template":"","meta":{"_joinchat":[],"footnotes":""},"class_list":["post-21","page","type-page","status-publish","hentry"],"yoast_head":"<!-- This site is optimized with the Yoast SEO plugin v25.8 - https:\/\/yoast.com\/wordpress\/plugins\/seo\/ -->\n<title>Infraestrutura - Col\u00e9gio Costa Aguiar - Aricanduva<\/title>\n<meta name=\"robots\" content=\"index, follow, max-snippet:-1, max-image-preview:large, max-video-preview:-1\" \/>\n<link rel=\"canonical\" href=\"https:\/\/colegiocostaaguiar.com.br\/aricanduva\/infra-estrutura\/\" \/>\n<meta property=\"og:locale\" content=\"pt_BR\" \/>\n<meta property=\"og:type\" content=\"article\" \/>\n<meta property=\"og:title\" content=\"Infraestrutura - Col\u00e9gio Costa Aguiar - Aricanduva\" \/>\n<meta property=\"og:description\" content=\"Infraestrutura Atendemos em 03 unidades:\u00a0Unidade I: Av. Sat\u00e9lite, 580 &#8211; Jd Santa B\u00e1rbara &#8211; S\u00e3o Paulo \u2013 SPFone: 2919-6836 \/ 2017-4401 Unidade II: Av. Rio&hellip;\" \/>\n<meta property=\"og:url\" content=\"https:\/\/colegiocostaaguiar.com.br\/aricanduva\/infra-estrutura\/\" \/>\n<meta property=\"og:site_name\" content=\"Col\u00e9gio Costa Aguiar - Aricanduva\" \/>\n<meta property=\"article:modified_time\" content=\"2023-01-12T19:59:52+00:00\" \/>\n<meta name=\"twitter:card\" content=\"summary_large_image\" \/>\n<meta name=\"twitter:label1\" content=\"Est. tempo de leitura\" \/>\n\t<meta name=\"twitter:data1\" content=\"1 minuto\" \/>\n<script type=\"application\/ld+json\" class=\"yoast-schema-graph\">{\"@context\":\"https:\/\/schema.org\",\"@graph\":[{\"@type\":\"WebPage\",\"@id\":\"https:\/\/colegiocostaaguiar.com.br\/aricanduva\/infra-estrutura\/\",\"url\":\"https:\/\/colegiocostaaguiar.com.br\/aricanduva\/infra-estrutura\/\",\"name\":\"Infraestrutura - Col\u00e9gio Costa Aguiar - Aricanduva\",\"isPartOf\":{\"@id\":\"https:\/\/colegiocostaaguiar.com.br\/aricanduva\/#website\"},\"datePublished\":\"2020-12-18T21:01:52+00:00\",\"dateModified\":\"2023-01-12T19:59:52+00:00\",\"breadcrumb\":{\"@id\":\"https:\/\/colegiocostaaguiar.com.br\/aricanduva\/infra-estrutura\/#breadcrumb\"},\"inLanguage\":\"pt-BR\",\"potentialAction\":[{\"@type\":\"ReadAction\",\"target\":[\"https:\/\/colegiocostaaguiar.com.br\/aricanduva\/infra-estrutura\/\"]}]},{\"@type\":\"BreadcrumbList\",\"@id\":\"https:\/\/colegiocostaaguiar.com.br\/aricanduva\/infra-estrutura\/#breadcrumb\",\"itemListElement\":[{\"@type\":\"ListItem\",\"position\":1,\"name\":\"In\u00edcio\",\"item\":\"https:\/\/colegiocostaaguiar.com.br\/aricanduva\/\"},{\"@type\":\"ListItem\",\"position\":2,\"name\":\"Infraestrutura\"}]},{\"@type\":\"WebSite\",\"@id\":\"https:\/\/colegiocostaaguiar.com.br\/aricanduva\/#website\",\"url\":\"https:\/\/colegiocostaaguiar.com.br\/aricanduva\/\",\"name\":\"Col\u00e9gio Costa Aguiar - Aricanduva\",\"description\":\"S\u00f3 mais um site Col\u00e9gio Costa Aguiar sites\",\"publisher\":{\"@id\":\"https:\/\/colegiocostaaguiar.com.br\/aricanduva\/#organization\"},\"potentialAction\":[{\"@type\":\"SearchAction\",\"target\":{\"@type\":\"EntryPoint\",\"urlTemplate\":\"https:\/\/colegiocostaaguiar.com.br\/aricanduva\/?s={search_term_string}\"},\"query-input\":{\"@type\":\"PropertyValueSpecification\",\"valueRequired\":true,\"valueName\":\"search_term_string\"}}],\"inLanguage\":\"pt-BR\"},{\"@type\":\"Organization\",\"@id\":\"https:\/\/colegiocostaaguiar.com.br\/aricanduva\/#organization\",\"name\":\"Col\u00e9gio Costa Aguiar - Aricanduva\",\"url\":\"https:\/\/colegiocostaaguiar.com.br\/aricanduva\/\",\"logo\":{\"@type\":\"ImageObject\",\"inLanguage\":\"pt-BR\",\"@id\":\"https:\/\/colegiocostaaguiar.com.br\/aricanduva\/#\/schema\/logo\/image\/\",\"url\":\"https:\/\/colegiocostaaguiar.com.br\/aricanduva\/wp-content\/uploads\/sites\/2\/2020\/12\/cropped-face-logo.png\",\"contentUrl\":\"https:\/\/colegiocostaaguiar.com.br\/aricanduva\/wp-content\/uploads\/sites\/2\/2020\/12\/cropped-face-logo.png\",\"width\":261,\"height\":220,\"caption\":\"Col\u00e9gio Costa Aguiar - Aricanduva\"},\"image\":{\"@id\":\"https:\/\/colegiocostaaguiar.com.br\/aricanduva\/#\/schema\/logo\/image\/\"}}]}<\/script>\n<!-- \/ Yoast SEO plugin. -->","yoast_head_json":{"title":"Infraestrutura - Col\u00e9gio Costa Aguiar - Aricanduva","robots":{"index":"index","follow":"follow","max-snippet":"max-snippet:-1","max-image-preview":"max-image-preview:large","max-video-preview":"max-video-preview:-1"},"canonical":"https:\/\/colegiocostaaguiar.com.br\/aricanduva\/infra-estrutura\/","og_locale":"pt_BR","og_type":"article","og_title":"Infraestrutura - Col\u00e9gio Costa Aguiar - Aricanduva","og_description":"Infraestrutura Atendemos em 03 unidades:\u00a0Unidade I: Av. Sat\u00e9lite, 580 &#8211; Jd Santa B\u00e1rbara &#8211; S\u00e3o Paulo \u2013 SPFone: 2919-6836 \/ 2017-4401 Unidade II: Av. Rio&hellip;","og_url":"https:\/\/colegiocostaaguiar.com.br\/aricanduva\/infra-estrutura\/","og_site_name":"Col\u00e9gio Costa Aguiar - Aricanduva","article_modified_time":"2023-01-12T19:59:52+00:00","twitter_card":"summary_large_image","twitter_misc":{"Est. tempo de leitura":"1 minuto"},"schema":{"@context":"https:\/\/schema.org","@graph":[{"@type":"WebPage","@id":"https:\/\/colegiocostaaguiar.com.br\/aricanduva\/infra-estrutura\/","url":"https:\/\/colegiocostaaguiar.com.br\/aricanduva\/infra-estrutura\/","name":"Infraestrutura - Col\u00e9gio Costa Aguiar - Aricanduva","isPartOf":{"@id":"https:\/\/colegiocostaaguiar.com.br\/aricanduva\/#website"},"datePublished":"2020-12-18T21:01:52+00:00","dateModified":"2023-01-12T19:59:52+00:00","breadcrumb":{"@id":"https:\/\/colegiocostaaguiar.com.br\/aricanduva\/infra-estrutura\/#breadcrumb"},"inLanguage":"pt-BR","potentialAction":[{"@type":"ReadAction","target":["https:\/\/colegiocostaaguiar.com.br\/aricanduva\/infra-estrutura\/"]}]},{"@type":"BreadcrumbList","@id":"https:\/\/colegiocostaaguiar.com.br\/aricanduva\/infra-estrutura\/#breadcrumb","itemListElement":[{"@type":"ListItem","position":1,"name":"In\u00edcio","item":"https:\/\/colegiocostaaguiar.com.br\/aricanduva\/"},{"@type":"ListItem","position":2,"name":"Infraestrutura"}]},{"@type":"WebSite","@id":"https:\/\/colegiocostaaguiar.com.br\/aricanduva\/#website","url":"https:\/\/colegiocostaaguiar.com.br\/aricanduva\/","name":"Col\u00e9gio Costa Aguiar - Aricanduva","description":"S\u00f3 mais um site Col\u00e9gio Costa Aguiar sites","publisher":{"@id":"https:\/\/colegiocostaaguiar.com.br\/aricanduva\/#organization"},"potentialAction":[{"@type":"SearchAction","target":{"@type":"EntryPoint","urlTemplate":"https:\/\/colegiocostaaguiar.com.br\/aricanduva\/?s={search_term_string}"},"query-input":{"@type":"PropertyValueSpecification","valueRequired":true,"valueName":"search_term_string"}}],"inLanguage":"pt-BR"},{"@type":"Organization","@id":"https:\/\/colegiocostaaguiar.com.br\/aricanduva\/#organization","name":"Col\u00e9gio Costa Aguiar - Aricanduva","url":"https:\/\/colegiocostaaguiar.com.br\/aricanduva\/","logo":{"@type":"ImageObject","inLanguage":"pt-BR","@id":"https:\/\/colegiocostaaguiar.com.br\/aricanduva\/#\/schema\/logo\/image\/","url":"https:\/\/colegiocostaaguiar.com.br\/aricanduva\/wp-content\/uploads\/sites\/2\/2020\/12\/cropped-face-logo.png","contentUrl":"https:\/\/colegiocostaaguiar.com.br\/aricanduva\/wp-content\/uploads\/sites\/2\/2020\/12\/cropped-face-logo.png","width":261,"height":220,"caption":"Col\u00e9gio Costa Aguiar - Aricanduva"},"image":{"@id":"https:\/\/colegiocostaaguiar.com.br\/aricanduva\/#\/schema\/logo\/image\/"}}]}},"_links":{"self":[{"href":"https:\/\/colegiocostaaguiar.com.br\/aricanduva\/wp-json\/wp\/v2\/pages\/21","targetHints":{"allow":["GET"]}}],"collection":[{"href":"https:\/\/colegiocostaaguiar.com.br\/aricanduva\/wp-json\/wp\/v2\/pages"}],"about":[{"href":"https:\/\/colegiocostaaguiar.com.br\/aricanduva\/wp-json\/wp\/v2\/types\/page"}],"author":[{"embeddable":true,"href":"https:\/\/colegiocostaaguiar.com.br\/aricanduva\/wp-json\/wp\/v2\/users\/1"}],"replies":[{"embeddable":true,"href":"https:\/\/colegiocostaaguiar.com.br\/aricanduva\/wp-json\/wp\/v2\/comments?post=21"}],"version-history":[{"count":11,"href":"https:\/\/colegiocostaaguiar.com.br\/aricanduva\/wp-json\/wp\/v2\/pages\/21\/revisions"}],"predecessor-version":[{"id":184,"href":"https:\/\/colegiocostaaguiar.com.br\/aricanduva\/wp-json\/wp\/v2\/pages\/21\/revisions\/184"}],"wp:attachment":[{"href":"https:\/\/colegiocostaaguiar.com.br\/aricanduva\/wp-json\/wp\/v2\/media?parent=21"}],"curies":[{"name":"wp","href":"https:\/\/api.w.org\/{rel}","templated":true}]}}