{"id":44,"date":"2020-12-28T20:49:08","date_gmt":"2020-12-28T23:49:08","guid":{"rendered":"http:\/\/cabelosbaronesa.com.br\/aricanduva\/?page_id=44"},"modified":"2023-01-12T15:20:58","modified_gmt":"2023-01-12T18:20:58","slug":"ensino-infantil","status":"publish","type":"page","link":"https:\/\/colegiocostaaguiar.com.br\/aricanduva\/ensino-infantil\/","title":{"rendered":"Ensino Infantil"},"content":{"rendered":"\t\t<div data-elementor-type=\"wp-page\" data-elementor-id=\"44\" class=\"elementor elementor-44\" data-elementor-post-type=\"page\">\n\t\t\t\t\t\t<section class=\"elementor-section elementor-top-section elementor-element elementor-element-1123da6 elementor-section-boxed elementor-section-height-default elementor-section-height-default\" data-id=\"1123da6\" data-element_type=\"section\">\n\t\t\t\t\t\t<div class=\"elementor-container elementor-column-gap-default\">\n\t\t\t\t\t<div class=\"elementor-column elementor-col-100 elementor-top-column elementor-element elementor-element-fbbda8d\" data-id=\"fbbda8d\" data-element_type=\"column\">\n\t\t\t<div class=\"elementor-widget-wrap elementor-element-populated\">\n\t\t\t\t\t\t<div class=\"elementor-element elementor-element-bdf4d8a elementor-widget elementor-widget-heading\" data-id=\"bdf4d8a\" data-element_type=\"widget\" data-widget_type=\"heading.default\">\n\t\t\t\t<div class=\"elementor-widget-container\">\n\t\t\t<h2 class=\"elementor-heading-title elementor-size-default\">Ensino Infantil<\/h2>\t\t<\/div>\n\t\t\t\t<\/div>\n\t\t\t\t<div class=\"elementor-element elementor-element-f58ded6 elementor-widget elementor-widget-text-editor\" data-id=\"f58ded6\" data-element_type=\"widget\" data-widget_type=\"text-editor.default\">\n\t\t\t\t<div class=\"elementor-widget-container\">\n\t\t\t\t\t\t\t<img fetchpriority=\"high\" decoding=\"async\" class=\"alignright wp-image-215 size-full\" src=\"https:\/\/colegiocostaaguiar.com.br\/\/wp-content\/uploads\/2020\/05\/foto-014.jpg\" alt=\"\" width=\"450\" height=\"300\" \/>A etapa que procede ao Ber\u00e7\u00e1rio \u00e9 a Educa\u00e7\u00e3o Infantil. Nela a crian\u00e7a ter\u00e1 a oportunidade de amadurecer e desenvolver-se integralmente ano a ano.\n\nNossa Educa\u00e7\u00e3o Infantil conta com modernas salas de aula, \u00e1rea de lazer e recrea\u00e7\u00e3o diferenciada. Proporcionamos aos nossos alunos desde a primeira inf\u00e2ncia uma estrutura que dificilmente \u00e9 encontrada em escolas deste seguimento. Possu\u00edmos tr\u00eas pavimentos com ambientes arejados, amplos e iluminados, \u00e1rea de lazer, playground e salas multidisciplinares. Priorizamos o aproveitamento de espa\u00e7o, pois nossa rotina \u00e9 planejada de modo que todos passem diariamente por todos os ambientes do Col\u00e9gio.\n\nA Educa\u00e7\u00e3o Infantil \u00e9 marcada pelas descobertas, nas quais a crian\u00e7a aprende a se conhecer e a conhecer o ambiente que a cerca. \u00c9 um per\u00edodo repleto de est\u00edmulos, de viv\u00eancias com um novo mundo, compostos de pessoas, valores e sentimentos.\nSempre respeitando as potencialidades e limites individuais de nossos alunos, nosso principal objetivo \u00e9 prepar\u00e1-los para ingressarem na pr\u00f3xima etapa escolar: o Ensino Fundamental.\n<h3 class=\"subtitulo1\">O Col\u00e9gio Oferece:<\/h3>\n<ul>\n \t<li>Hor\u00e1rios flex\u00edveis de acordo com a necessidade da fam\u00edlia;<\/li>\n \t<li>Turmas de meio per\u00edodo, intermedi\u00e1rio e integral;<\/li>\n \t<li>Refei\u00e7\u00f5es das turmas do intermedi\u00e1rio e integral incluso na mensalidade;<\/li>\n \t<li>Card\u00e1pio elaborado por nossa nutricionista;<\/li>\n \t<li>Turmas divididas por faixa et\u00e1ria e com n\u00famero de alunos reduzidos;<\/li>\n \t<li>Salas de aula com professora e auxiliar de classe;<\/li>\n \t<li>P\u00e1tio coberto e descoberto;<\/li>\n \t<li>Educa\u00e7\u00e3o F\u00edsica com profissional da \u00e1rea;<\/li>\n \t<li>Salas multim\u00eddias equipadas com lousas digitais;<\/li>\n \t<li>Capoeira;<\/li>\n \t<li>Ballet;<\/li>\n \t<li>M\u00fasica;<\/li>\n \t<li>Psic\u00f3loga;<\/li>\n \t<li>Fonoaudi\u00f3loga;<\/li>\n \t<li>Rotina, seman\u00e1rios e planejamentos acompanhados por Coordena\u00e7\u00e3o e Dire\u00e7\u00e3o Pedag\u00f3gica.<\/li>\n<\/ul>\n<h3 class=\"subtitulo1\">Aulas Extracurriculares:<\/h3>\n<ul>\n \t<li>Taekwondo ( meninos)<\/li>\n \t<li>Ballet ( meninas)<\/li>\n \t<li>Motricidade<\/li>\n \t<li>Projetos Pedag\u00f3gicos<\/li>\n<\/ul>\t\t\t\t\t\t<\/div>\n\t\t\t\t<\/div>\n\t\t\t\t\t<\/div>\n\t\t<\/div>\n\t\t\t\t\t<\/div>\n\t\t<\/section>\n\t\t\t\t<\/div>\n\t\t","protected":false},"excerpt":{"rendered":"<p>Ensino Infantil A etapa que procede ao Ber\u00e7\u00e1rio \u00e9 a Educa\u00e7\u00e3o Infantil. Nela a crian\u00e7a ter\u00e1 a oportunidade de amadurecer e desenvolver-se integralmente ano a&hellip;<\/p>\n","protected":false},"author":1,"featured_media":0,"parent":0,"menu_order":0,"comment_status":"closed","ping_status":"closed","template":"","meta":{"_joinchat":[],"footnotes":""},"class_list":["post-44","page","type-page","status-publish","hentry"],"yoast_head":"<!-- This site is optimized with the Yoast SEO plugin v25.8 - https:\/\/yoast.com\/wordpress\/plugins\/seo\/ -->\n<title>Ensino Infantil - Col\u00e9gio Costa Aguiar - Aricanduva<\/title>\n<meta name=\"robots\" content=\"index, follow, max-snippet:-1, max-image-preview:large, max-video-preview:-1\" \/>\n<link rel=\"canonical\" href=\"https:\/\/colegiocostaaguiar.com.br\/aricanduva\/ensino-infantil\/\" \/>\n<meta property=\"og:locale\" content=\"pt_BR\" \/>\n<meta property=\"og:type\" content=\"article\" \/>\n<meta property=\"og:title\" content=\"Ensino Infantil - Col\u00e9gio Costa Aguiar - Aricanduva\" \/>\n<meta property=\"og:description\" content=\"Ensino Infantil A etapa que procede ao Ber\u00e7\u00e1rio \u00e9 a Educa\u00e7\u00e3o Infantil. Nela a crian\u00e7a ter\u00e1 a oportunidade de amadurecer e desenvolver-se integralmente ano a&hellip;\" \/>\n<meta property=\"og:url\" content=\"https:\/\/colegiocostaaguiar.com.br\/aricanduva\/ensino-infantil\/\" \/>\n<meta property=\"og:site_name\" content=\"Col\u00e9gio Costa Aguiar - Aricanduva\" \/>\n<meta property=\"article:modified_time\" content=\"2023-01-12T18:20:58+00:00\" \/>\n<meta property=\"og:image\" content=\"https:\/\/colegiocostaaguiar.com.br\/\/wp-content\/uploads\/2020\/05\/foto-014.jpg\" \/>\n<meta name=\"twitter:card\" content=\"summary_large_image\" \/>\n<meta name=\"twitter:label1\" content=\"Est. tempo de leitura\" \/>\n\t<meta name=\"twitter:data1\" content=\"1 minuto\" \/>\n<script type=\"application\/ld+json\" class=\"yoast-schema-graph\">{\"@context\":\"https:\/\/schema.org\",\"@graph\":[{\"@type\":\"WebPage\",\"@id\":\"https:\/\/colegiocostaaguiar.com.br\/aricanduva\/ensino-infantil\/\",\"url\":\"https:\/\/colegiocostaaguiar.com.br\/aricanduva\/ensino-infantil\/\",\"name\":\"Ensino Infantil - Col\u00e9gio Costa Aguiar - Aricanduva\",\"isPartOf\":{\"@id\":\"https:\/\/colegiocostaaguiar.com.br\/aricanduva\/#website\"},\"primaryImageOfPage\":{\"@id\":\"https:\/\/colegiocostaaguiar.com.br\/aricanduva\/ensino-infantil\/#primaryimage\"},\"image\":{\"@id\":\"https:\/\/colegiocostaaguiar.com.br\/aricanduva\/ensino-infantil\/#primaryimage\"},\"thumbnailUrl\":\"https:\/\/colegiocostaaguiar.com.br\/\/wp-content\/uploads\/2020\/05\/foto-014.jpg\",\"datePublished\":\"2020-12-28T23:49:08+00:00\",\"dateModified\":\"2023-01-12T18:20:58+00:00\",\"breadcrumb\":{\"@id\":\"https:\/\/colegiocostaaguiar.com.br\/aricanduva\/ensino-infantil\/#breadcrumb\"},\"inLanguage\":\"pt-BR\",\"potentialAction\":[{\"@type\":\"ReadAction\",\"target\":[\"https:\/\/colegiocostaaguiar.com.br\/aricanduva\/ensino-infantil\/\"]}]},{\"@type\":\"ImageObject\",\"inLanguage\":\"pt-BR\",\"@id\":\"https:\/\/colegiocostaaguiar.com.br\/aricanduva\/ensino-infantil\/#primaryimage\",\"url\":\"https:\/\/colegiocostaaguiar.com.br\/\/wp-content\/uploads\/2020\/05\/foto-014.jpg\",\"contentUrl\":\"https:\/\/colegiocostaaguiar.com.br\/\/wp-content\/uploads\/2020\/05\/foto-014.jpg\"},{\"@type\":\"BreadcrumbList\",\"@id\":\"https:\/\/colegiocostaaguiar.com.br\/aricanduva\/ensino-infantil\/#breadcrumb\",\"itemListElement\":[{\"@type\":\"ListItem\",\"position\":1,\"name\":\"In\u00edcio\",\"item\":\"https:\/\/colegiocostaaguiar.com.br\/aricanduva\/\"},{\"@type\":\"ListItem\",\"position\":2,\"name\":\"Ensino Infantil\"}]},{\"@type\":\"WebSite\",\"@id\":\"https:\/\/colegiocostaaguiar.com.br\/aricanduva\/#website\",\"url\":\"https:\/\/colegiocostaaguiar.com.br\/aricanduva\/\",\"name\":\"Col\u00e9gio Costa Aguiar - Aricanduva\",\"description\":\"S\u00f3 mais um site Col\u00e9gio Costa Aguiar sites\",\"publisher\":{\"@id\":\"https:\/\/colegiocostaaguiar.com.br\/aricanduva\/#organization\"},\"potentialAction\":[{\"@type\":\"SearchAction\",\"target\":{\"@type\":\"EntryPoint\",\"urlTemplate\":\"https:\/\/colegiocostaaguiar.com.br\/aricanduva\/?s={search_term_string}\"},\"query-input\":{\"@type\":\"PropertyValueSpecification\",\"valueRequired\":true,\"valueName\":\"search_term_string\"}}],\"inLanguage\":\"pt-BR\"},{\"@type\":\"Organization\",\"@id\":\"https:\/\/colegiocostaaguiar.com.br\/aricanduva\/#organization\",\"name\":\"Col\u00e9gio Costa Aguiar - Aricanduva\",\"url\":\"https:\/\/colegiocostaaguiar.com.br\/aricanduva\/\",\"logo\":{\"@type\":\"ImageObject\",\"inLanguage\":\"pt-BR\",\"@id\":\"https:\/\/colegiocostaaguiar.com.br\/aricanduva\/#\/schema\/logo\/image\/\",\"url\":\"https:\/\/colegiocostaaguiar.com.br\/aricanduva\/wp-content\/uploads\/sites\/2\/2020\/12\/cropped-face-logo.png\",\"contentUrl\":\"https:\/\/colegiocostaaguiar.com.br\/aricanduva\/wp-content\/uploads\/sites\/2\/2020\/12\/cropped-face-logo.png\",\"width\":261,\"height\":220,\"caption\":\"Col\u00e9gio Costa Aguiar - Aricanduva\"},\"image\":{\"@id\":\"https:\/\/colegiocostaaguiar.com.br\/aricanduva\/#\/schema\/logo\/image\/\"}}]}<\/script>\n<!-- \/ Yoast SEO plugin. -->","yoast_head_json":{"title":"Ensino Infantil - Col\u00e9gio Costa Aguiar - Aricanduva","robots":{"index":"index","follow":"follow","max-snippet":"max-snippet:-1","max-image-preview":"max-image-preview:large","max-video-preview":"max-video-preview:-1"},"canonical":"https:\/\/colegiocostaaguiar.com.br\/aricanduva\/ensino-infantil\/","og_locale":"pt_BR","og_type":"article","og_title":"Ensino Infantil - Col\u00e9gio Costa Aguiar - Aricanduva","og_description":"Ensino Infantil A etapa que procede ao Ber\u00e7\u00e1rio \u00e9 a Educa\u00e7\u00e3o Infantil. Nela a crian\u00e7a ter\u00e1 a oportunidade de amadurecer e desenvolver-se integralmente ano a&hellip;","og_url":"https:\/\/colegiocostaaguiar.com.br\/aricanduva\/ensino-infantil\/","og_site_name":"Col\u00e9gio Costa Aguiar - Aricanduva","article_modified_time":"2023-01-12T18:20:58+00:00","og_image":[{"url":"https:\/\/colegiocostaaguiar.com.br\/\/wp-content\/uploads\/2020\/05\/foto-014.jpg","type":"","width":"","height":""}],"twitter_card":"summary_large_image","twitter_misc":{"Est. tempo de leitura":"1 minuto"},"schema":{"@context":"https:\/\/schema.org","@graph":[{"@type":"WebPage","@id":"https:\/\/colegiocostaaguiar.com.br\/aricanduva\/ensino-infantil\/","url":"https:\/\/colegiocostaaguiar.com.br\/aricanduva\/ensino-infantil\/","name":"Ensino Infantil - Col\u00e9gio Costa Aguiar - Aricanduva","isPartOf":{"@id":"https:\/\/colegiocostaaguiar.com.br\/aricanduva\/#website"},"primaryImageOfPage":{"@id":"https:\/\/colegiocostaaguiar.com.br\/aricanduva\/ensino-infantil\/#primaryimage"},"image":{"@id":"https:\/\/colegiocostaaguiar.com.br\/aricanduva\/ensino-infantil\/#primaryimage"},"thumbnailUrl":"https:\/\/colegiocostaaguiar.com.br\/\/wp-content\/uploads\/2020\/05\/foto-014.jpg","datePublished":"2020-12-28T23:49:08+00:00","dateModified":"2023-01-12T18:20:58+00:00","breadcrumb":{"@id":"https:\/\/colegiocostaaguiar.com.br\/aricanduva\/ensino-infantil\/#breadcrumb"},"inLanguage":"pt-BR","potentialAction":[{"@type":"ReadAction","target":["https:\/\/colegiocostaaguiar.com.br\/aricanduva\/ensino-infantil\/"]}]},{"@type":"ImageObject","inLanguage":"pt-BR","@id":"https:\/\/colegiocostaaguiar.com.br\/aricanduva\/ensino-infantil\/#primaryimage","url":"https:\/\/colegiocostaaguiar.com.br\/\/wp-content\/uploads\/2020\/05\/foto-014.jpg","contentUrl":"https:\/\/colegiocostaaguiar.com.br\/\/wp-content\/uploads\/2020\/05\/foto-014.jpg"},{"@type":"BreadcrumbList","@id":"https:\/\/colegiocostaaguiar.com.br\/aricanduva\/ensino-infantil\/#breadcrumb","itemListElement":[{"@type":"ListItem","position":1,"name":"In\u00edcio","item":"https:\/\/colegiocostaaguiar.com.br\/aricanduva\/"},{"@type":"ListItem","position":2,"name":"Ensino Infantil"}]},{"@type":"WebSite","@id":"https:\/\/colegiocostaaguiar.com.br\/aricanduva\/#website","url":"https:\/\/colegiocostaaguiar.com.br\/aricanduva\/","name":"Col\u00e9gio Costa Aguiar - Aricanduva","description":"S\u00f3 mais um site Col\u00e9gio Costa Aguiar sites","publisher":{"@id":"https:\/\/colegiocostaaguiar.com.br\/aricanduva\/#organization"},"potentialAction":[{"@type":"SearchAction","target":{"@type":"EntryPoint","urlTemplate":"https:\/\/colegiocostaaguiar.com.br\/aricanduva\/?s={search_term_string}"},"query-input":{"@type":"PropertyValueSpecification","valueRequired":true,"valueName":"search_term_string"}}],"inLanguage":"pt-BR"},{"@type":"Organization","@id":"https:\/\/colegiocostaaguiar.com.br\/aricanduva\/#organization","name":"Col\u00e9gio Costa Aguiar - Aricanduva","url":"https:\/\/colegiocostaaguiar.com.br\/aricanduva\/","logo":{"@type":"ImageObject","inLanguage":"pt-BR","@id":"https:\/\/colegiocostaaguiar.com.br\/aricanduva\/#\/schema\/logo\/image\/","url":"https:\/\/colegiocostaaguiar.com.br\/aricanduva\/wp-content\/uploads\/sites\/2\/2020\/12\/cropped-face-logo.png","contentUrl":"https:\/\/colegiocostaaguiar.com.br\/aricanduva\/wp-content\/uploads\/sites\/2\/2020\/12\/cropped-face-logo.png","width":261,"height":220,"caption":"Col\u00e9gio Costa Aguiar - Aricanduva"},"image":{"@id":"https:\/\/colegiocostaaguiar.com.br\/aricanduva\/#\/schema\/logo\/image\/"}}]}},"_links":{"self":[{"href":"https:\/\/colegiocostaaguiar.com.br\/aricanduva\/wp-json\/wp\/v2\/pages\/44","targetHints":{"allow":["GET"]}}],"collection":[{"href":"https:\/\/colegiocostaaguiar.com.br\/aricanduva\/wp-json\/wp\/v2\/pages"}],"about":[{"href":"https:\/\/colegiocostaaguiar.com.br\/aricanduva\/wp-json\/wp\/v2\/types\/page"}],"author":[{"embeddable":true,"href":"https:\/\/colegiocostaaguiar.com.br\/aricanduva\/wp-json\/wp\/v2\/users\/1"}],"replies":[{"embeddable":true,"href":"https:\/\/colegiocostaaguiar.com.br\/aricanduva\/wp-json\/wp\/v2\/comments?post=44"}],"version-history":[{"count":3,"href":"https:\/\/colegiocostaaguiar.com.br\/aricanduva\/wp-json\/wp\/v2\/pages\/44\/revisions"}],"predecessor-version":[{"id":169,"href":"https:\/\/colegiocostaaguiar.com.br\/aricanduva\/wp-json\/wp\/v2\/pages\/44\/revisions\/169"}],"wp:attachment":[{"href":"https:\/\/colegiocostaaguiar.com.br\/aricanduva\/wp-json\/wp\/v2\/media?parent=44"}],"curies":[{"name":"wp","href":"https:\/\/api.w.org\/{rel}","templated":true}]}}