{"id":46,"date":"2020-12-28T20:49:36","date_gmt":"2020-12-28T23:49:36","guid":{"rendered":"http:\/\/cabelosbaronesa.com.br\/aricanduva\/?page_id=46"},"modified":"2023-01-12T15:28:05","modified_gmt":"2023-01-12T18:28:05","slug":"ensino-fundamental-l","status":"publish","type":"page","link":"https:\/\/colegiocostaaguiar.com.br\/aricanduva\/ensino-fundamental-l\/","title":{"rendered":"Ensino Fundamental l"},"content":{"rendered":"\t\t<div data-elementor-type=\"wp-page\" data-elementor-id=\"46\" class=\"elementor elementor-46\" data-elementor-post-type=\"page\">\n\t\t\t\t\t\t<section class=\"elementor-section elementor-top-section elementor-element elementor-element-f353596 elementor-section-boxed elementor-section-height-default elementor-section-height-default\" data-id=\"f353596\" data-element_type=\"section\">\n\t\t\t\t\t\t<div class=\"elementor-container elementor-column-gap-default\">\n\t\t\t\t\t<div class=\"elementor-column elementor-col-100 elementor-top-column elementor-element elementor-element-7fec0e4\" data-id=\"7fec0e4\" data-element_type=\"column\">\n\t\t\t<div class=\"elementor-widget-wrap elementor-element-populated\">\n\t\t\t\t\t\t<div class=\"elementor-element elementor-element-2767435 elementor-widget elementor-widget-heading\" data-id=\"2767435\" data-element_type=\"widget\" data-widget_type=\"heading.default\">\n\t\t\t\t<div class=\"elementor-widget-container\">\n\t\t\t<h2 class=\"elementor-heading-title elementor-size-default\">Ensino Fundamental<\/h2>\t\t<\/div>\n\t\t\t\t<\/div>\n\t\t\t\t<div class=\"elementor-element elementor-element-d7124d1 elementor-widget elementor-widget-text-editor\" data-id=\"d7124d1\" data-element_type=\"widget\" data-widget_type=\"text-editor.default\">\n\t\t\t\t<div class=\"elementor-widget-container\">\n\t\t\t\t\t\t\t<div class=\"conteudo\">\n<table border=\"0\" width=\"100%\" cellspacing=\"0\" cellpadding=\"0\">\n<tbody>\n<tr>\n<td align=\"left\" valign=\"top\" bgcolor=\"#FFFFFF\" width=\"82%\">\n<div class=\"destaque\">\n<div class=\"miolo\">\n<h2 class=\"subtitulo1\"><img fetchpriority=\"high\" decoding=\"async\" class=\"alignright wp-image-208 size-full\" src=\"https:\/\/colegiocostaaguiar.com.br\/wp-content\/uploads\/2020\/05\/foto-010.jpg\" alt=\"\" width=\"450\" height=\"300\" \/><\/h2>\n\u00c9 especialmente nesta fase que a crian\u00e7a passa a se descobrir em rela\u00e7\u00e3o ao mundo e a ter uma postura mais ativa diante dele. O momento \u00e9 perfeito para desenvolver as habilidades de leitura, escrita e c\u00e1lculo, a capacidade de racioc\u00ednio e de intera\u00e7\u00e3o com o meio. Por meio de atividades instigantes e criativas, os alunos desta faixa et\u00e1ria no Col\u00e9gio Costa Aguiar t\u00eam suas compet\u00eancias individuais valorizadas e s\u00e3o estimulados a aprender.\n\nA proposta pedag\u00f3gica do Fundamental I apoia-se em tr\u00eas pilares: pesquisa, linguagem e ludicidade.\n<h2><span class=\"subtitulo1\">Pesquisa:<\/span><\/h2>\nA pesquisa proporciona ao aluno oportunidades para novos conhecimentos. Em aulas din\u00e2micas na lousa digital, criam-se bases para a investiga\u00e7\u00e3o acad\u00eamica e os trabalhos de campo. Nas sa\u00eddas pedag\u00f3gicas, a observa\u00e7\u00e3o complementa a teoria e o conhecimento.\n<h2 class=\"subtitulo2\">Linguagem:<\/h2>\nA L\u00edngua Portuguesa, Ingl\u00eas e Matem\u00e1tica s\u00e3o as disciplinas que mais trabalham esse campo. Uma vez que a linguagem permeia todas as \u00e1reas do conhecimento, a ideia \u00e9 desenvolver as compet\u00eancias de comunica\u00e7\u00e3o, express\u00e3o-verbal e n\u00e3o verbal-dos alunos, habilitando-os a uma atua\u00e7\u00e3o consciente e qualificada na sociedade.\n<h2><span class=\"subtitulo3\">Ludicidade:<\/span><\/h2>\nNeste ciclo de ensino as atividades l\u00fadicas s\u00e3o dirigidas. Na Educa\u00e7\u00e3o F\u00edsica, por exemplo, o Xadrez acelera a constru\u00e7\u00e3o do racioc\u00ednio l\u00f3gico. A pr\u00e1tica de outras atividades esportivas contribui para o desenvolvimento f\u00edsico e psicossocial, tendo papel fundamental na maneira como um indiv\u00edduo se relaciona com os outros em qualquer contexto.\n<h2 class=\"subtitulo1\">O Col\u00e9gio Oferece:<\/h2>\n<ul>\n \t<li>Hor\u00e1rios flex\u00edveis de acordo com a necessidade da fam\u00edlia;<\/li>\n \t<li>Turmas de meio per\u00edodo, intermedi\u00e1rio e integral;<\/li>\n \t<li>Refei\u00e7\u00f5es das turmas do intermedi\u00e1rio e integral incluso na mensalidade;<\/li>\n \t<li>Card\u00e1pio elaborado por nossa nutricionista;<\/li>\n \t<li>Turmas divididas por faixa et\u00e1ria e com n\u00famero de alunos reduzidos;<\/li>\n \t<li>Salas de aula com professora e auxiliar de classe;<\/li>\n \t<li>P\u00e1tio coberto e descoberto;<\/li>\n \t<li>Educa\u00e7\u00e3o F\u00edsica com profissional da \u00e1rea;<\/li>\n \t<li>Salas multim\u00eddias equipadas com lousas digitais;<\/li>\n \t<li>Capoeira;<\/li>\n \t<li>Ballet;<\/li>\n \t<li>M\u00fasica;<\/li>\n \t<li>Psic\u00f3loga;<\/li>\n \t<li>Fonoaudi\u00f3loga;<\/li>\n \t<li>Rotina, seman\u00e1rios e planejamentos acompanhados por Coordena\u00e7\u00e3o e Dire\u00e7\u00e3o Pedag\u00f3gica.<\/li>\n \t<li>M\u00fasica<\/li>\n \t<li>Arte<\/li>\n \t<li>Filosofia<\/li>\n \t<li>Ed. F\u00edsica<\/li>\n \t<li>Ingl\u00eas<\/li>\n \t<li>Projetos<\/li>\n \t<li>Motricidade ( para o 1\u00ba ano)<\/li>\n<\/ul>\n<\/div>\n<\/div><\/td>\n<\/tr>\n<\/tbody>\n<\/table>\n<\/div>\t\t\t\t\t\t<\/div>\n\t\t\t\t<\/div>\n\t\t\t\t\t<\/div>\n\t\t<\/div>\n\t\t\t\t\t<\/div>\n\t\t<\/section>\n\t\t\t\t<\/div>\n\t\t","protected":false},"excerpt":{"rendered":"<p>Ensino Fundamental \u00c9 especialmente nesta fase que a crian\u00e7a passa a se descobrir em rela\u00e7\u00e3o ao mundo e a ter uma postura mais ativa diante&hellip;<\/p>\n","protected":false},"author":1,"featured_media":0,"parent":0,"menu_order":0,"comment_status":"closed","ping_status":"closed","template":"","meta":{"_joinchat":[],"footnotes":""},"class_list":["post-46","page","type-page","status-publish","hentry"],"yoast_head":"<!-- This site is optimized with the Yoast SEO plugin v25.8 - https:\/\/yoast.com\/wordpress\/plugins\/seo\/ -->\n<title>Ensino Fundamental l - Col\u00e9gio Costa Aguiar - Aricanduva<\/title>\n<meta name=\"robots\" content=\"index, follow, max-snippet:-1, max-image-preview:large, max-video-preview:-1\" \/>\n<link rel=\"canonical\" href=\"https:\/\/colegiocostaaguiar.com.br\/aricanduva\/ensino-fundamental-l\/\" \/>\n<meta property=\"og:locale\" content=\"pt_BR\" \/>\n<meta property=\"og:type\" content=\"article\" \/>\n<meta property=\"og:title\" content=\"Ensino Fundamental l - Col\u00e9gio Costa Aguiar - Aricanduva\" \/>\n<meta property=\"og:description\" content=\"Ensino Fundamental \u00c9 especialmente nesta fase que a crian\u00e7a passa a se descobrir em rela\u00e7\u00e3o ao mundo e a ter uma postura mais ativa diante&hellip;\" \/>\n<meta property=\"og:url\" content=\"https:\/\/colegiocostaaguiar.com.br\/aricanduva\/ensino-fundamental-l\/\" \/>\n<meta property=\"og:site_name\" content=\"Col\u00e9gio Costa Aguiar - Aricanduva\" \/>\n<meta property=\"article:modified_time\" content=\"2023-01-12T18:28:05+00:00\" \/>\n<meta property=\"og:image\" content=\"https:\/\/colegiocostaaguiar.com.br\/wp-content\/uploads\/2020\/05\/foto-010.jpg\" \/>\n<meta name=\"twitter:card\" content=\"summary_large_image\" \/>\n<meta name=\"twitter:label1\" content=\"Est. tempo de leitura\" \/>\n\t<meta name=\"twitter:data1\" content=\"2 minutos\" \/>\n<script type=\"application\/ld+json\" class=\"yoast-schema-graph\">{\"@context\":\"https:\/\/schema.org\",\"@graph\":[{\"@type\":\"WebPage\",\"@id\":\"https:\/\/colegiocostaaguiar.com.br\/aricanduva\/ensino-fundamental-l\/\",\"url\":\"https:\/\/colegiocostaaguiar.com.br\/aricanduva\/ensino-fundamental-l\/\",\"name\":\"Ensino Fundamental l - Col\u00e9gio Costa Aguiar - Aricanduva\",\"isPartOf\":{\"@id\":\"https:\/\/colegiocostaaguiar.com.br\/aricanduva\/#website\"},\"primaryImageOfPage\":{\"@id\":\"https:\/\/colegiocostaaguiar.com.br\/aricanduva\/ensino-fundamental-l\/#primaryimage\"},\"image\":{\"@id\":\"https:\/\/colegiocostaaguiar.com.br\/aricanduva\/ensino-fundamental-l\/#primaryimage\"},\"thumbnailUrl\":\"https:\/\/colegiocostaaguiar.com.br\/wp-content\/uploads\/2020\/05\/foto-010.jpg\",\"datePublished\":\"2020-12-28T23:49:36+00:00\",\"dateModified\":\"2023-01-12T18:28:05+00:00\",\"breadcrumb\":{\"@id\":\"https:\/\/colegiocostaaguiar.com.br\/aricanduva\/ensino-fundamental-l\/#breadcrumb\"},\"inLanguage\":\"pt-BR\",\"potentialAction\":[{\"@type\":\"ReadAction\",\"target\":[\"https:\/\/colegiocostaaguiar.com.br\/aricanduva\/ensino-fundamental-l\/\"]}]},{\"@type\":\"ImageObject\",\"inLanguage\":\"pt-BR\",\"@id\":\"https:\/\/colegiocostaaguiar.com.br\/aricanduva\/ensino-fundamental-l\/#primaryimage\",\"url\":\"https:\/\/colegiocostaaguiar.com.br\/wp-content\/uploads\/2020\/05\/foto-010.jpg\",\"contentUrl\":\"https:\/\/colegiocostaaguiar.com.br\/wp-content\/uploads\/2020\/05\/foto-010.jpg\"},{\"@type\":\"BreadcrumbList\",\"@id\":\"https:\/\/colegiocostaaguiar.com.br\/aricanduva\/ensino-fundamental-l\/#breadcrumb\",\"itemListElement\":[{\"@type\":\"ListItem\",\"position\":1,\"name\":\"In\u00edcio\",\"item\":\"https:\/\/colegiocostaaguiar.com.br\/aricanduva\/\"},{\"@type\":\"ListItem\",\"position\":2,\"name\":\"Ensino Fundamental l\"}]},{\"@type\":\"WebSite\",\"@id\":\"https:\/\/colegiocostaaguiar.com.br\/aricanduva\/#website\",\"url\":\"https:\/\/colegiocostaaguiar.com.br\/aricanduva\/\",\"name\":\"Col\u00e9gio Costa Aguiar - Aricanduva\",\"description\":\"S\u00f3 mais um site Col\u00e9gio Costa Aguiar sites\",\"publisher\":{\"@id\":\"https:\/\/colegiocostaaguiar.com.br\/aricanduva\/#organization\"},\"potentialAction\":[{\"@type\":\"SearchAction\",\"target\":{\"@type\":\"EntryPoint\",\"urlTemplate\":\"https:\/\/colegiocostaaguiar.com.br\/aricanduva\/?s={search_term_string}\"},\"query-input\":{\"@type\":\"PropertyValueSpecification\",\"valueRequired\":true,\"valueName\":\"search_term_string\"}}],\"inLanguage\":\"pt-BR\"},{\"@type\":\"Organization\",\"@id\":\"https:\/\/colegiocostaaguiar.com.br\/aricanduva\/#organization\",\"name\":\"Col\u00e9gio Costa Aguiar - Aricanduva\",\"url\":\"https:\/\/colegiocostaaguiar.com.br\/aricanduva\/\",\"logo\":{\"@type\":\"ImageObject\",\"inLanguage\":\"pt-BR\",\"@id\":\"https:\/\/colegiocostaaguiar.com.br\/aricanduva\/#\/schema\/logo\/image\/\",\"url\":\"https:\/\/colegiocostaaguiar.com.br\/aricanduva\/wp-content\/uploads\/sites\/2\/2020\/12\/cropped-face-logo.png\",\"contentUrl\":\"https:\/\/colegiocostaaguiar.com.br\/aricanduva\/wp-content\/uploads\/sites\/2\/2020\/12\/cropped-face-logo.png\",\"width\":261,\"height\":220,\"caption\":\"Col\u00e9gio Costa Aguiar - Aricanduva\"},\"image\":{\"@id\":\"https:\/\/colegiocostaaguiar.com.br\/aricanduva\/#\/schema\/logo\/image\/\"}}]}<\/script>\n<!-- \/ Yoast SEO plugin. -->","yoast_head_json":{"title":"Ensino Fundamental l - Col\u00e9gio Costa Aguiar - Aricanduva","robots":{"index":"index","follow":"follow","max-snippet":"max-snippet:-1","max-image-preview":"max-image-preview:large","max-video-preview":"max-video-preview:-1"},"canonical":"https:\/\/colegiocostaaguiar.com.br\/aricanduva\/ensino-fundamental-l\/","og_locale":"pt_BR","og_type":"article","og_title":"Ensino Fundamental l - Col\u00e9gio Costa Aguiar - Aricanduva","og_description":"Ensino Fundamental \u00c9 especialmente nesta fase que a crian\u00e7a passa a se descobrir em rela\u00e7\u00e3o ao mundo e a ter uma postura mais ativa diante&hellip;","og_url":"https:\/\/colegiocostaaguiar.com.br\/aricanduva\/ensino-fundamental-l\/","og_site_name":"Col\u00e9gio Costa Aguiar - Aricanduva","article_modified_time":"2023-01-12T18:28:05+00:00","og_image":[{"url":"https:\/\/colegiocostaaguiar.com.br\/wp-content\/uploads\/2020\/05\/foto-010.jpg","type":"","width":"","height":""}],"twitter_card":"summary_large_image","twitter_misc":{"Est. tempo de leitura":"2 minutos"},"schema":{"@context":"https:\/\/schema.org","@graph":[{"@type":"WebPage","@id":"https:\/\/colegiocostaaguiar.com.br\/aricanduva\/ensino-fundamental-l\/","url":"https:\/\/colegiocostaaguiar.com.br\/aricanduva\/ensino-fundamental-l\/","name":"Ensino Fundamental l - Col\u00e9gio Costa Aguiar - Aricanduva","isPartOf":{"@id":"https:\/\/colegiocostaaguiar.com.br\/aricanduva\/#website"},"primaryImageOfPage":{"@id":"https:\/\/colegiocostaaguiar.com.br\/aricanduva\/ensino-fundamental-l\/#primaryimage"},"image":{"@id":"https:\/\/colegiocostaaguiar.com.br\/aricanduva\/ensino-fundamental-l\/#primaryimage"},"thumbnailUrl":"https:\/\/colegiocostaaguiar.com.br\/wp-content\/uploads\/2020\/05\/foto-010.jpg","datePublished":"2020-12-28T23:49:36+00:00","dateModified":"2023-01-12T18:28:05+00:00","breadcrumb":{"@id":"https:\/\/colegiocostaaguiar.com.br\/aricanduva\/ensino-fundamental-l\/#breadcrumb"},"inLanguage":"pt-BR","potentialAction":[{"@type":"ReadAction","target":["https:\/\/colegiocostaaguiar.com.br\/aricanduva\/ensino-fundamental-l\/"]}]},{"@type":"ImageObject","inLanguage":"pt-BR","@id":"https:\/\/colegiocostaaguiar.com.br\/aricanduva\/ensino-fundamental-l\/#primaryimage","url":"https:\/\/colegiocostaaguiar.com.br\/wp-content\/uploads\/2020\/05\/foto-010.jpg","contentUrl":"https:\/\/colegiocostaaguiar.com.br\/wp-content\/uploads\/2020\/05\/foto-010.jpg"},{"@type":"BreadcrumbList","@id":"https:\/\/colegiocostaaguiar.com.br\/aricanduva\/ensino-fundamental-l\/#breadcrumb","itemListElement":[{"@type":"ListItem","position":1,"name":"In\u00edcio","item":"https:\/\/colegiocostaaguiar.com.br\/aricanduva\/"},{"@type":"ListItem","position":2,"name":"Ensino Fundamental l"}]},{"@type":"WebSite","@id":"https:\/\/colegiocostaaguiar.com.br\/aricanduva\/#website","url":"https:\/\/colegiocostaaguiar.com.br\/aricanduva\/","name":"Col\u00e9gio Costa Aguiar - Aricanduva","description":"S\u00f3 mais um site Col\u00e9gio Costa Aguiar sites","publisher":{"@id":"https:\/\/colegiocostaaguiar.com.br\/aricanduva\/#organization"},"potentialAction":[{"@type":"SearchAction","target":{"@type":"EntryPoint","urlTemplate":"https:\/\/colegiocostaaguiar.com.br\/aricanduva\/?s={search_term_string}"},"query-input":{"@type":"PropertyValueSpecification","valueRequired":true,"valueName":"search_term_string"}}],"inLanguage":"pt-BR"},{"@type":"Organization","@id":"https:\/\/colegiocostaaguiar.com.br\/aricanduva\/#organization","name":"Col\u00e9gio Costa Aguiar - Aricanduva","url":"https:\/\/colegiocostaaguiar.com.br\/aricanduva\/","logo":{"@type":"ImageObject","inLanguage":"pt-BR","@id":"https:\/\/colegiocostaaguiar.com.br\/aricanduva\/#\/schema\/logo\/image\/","url":"https:\/\/colegiocostaaguiar.com.br\/aricanduva\/wp-content\/uploads\/sites\/2\/2020\/12\/cropped-face-logo.png","contentUrl":"https:\/\/colegiocostaaguiar.com.br\/aricanduva\/wp-content\/uploads\/sites\/2\/2020\/12\/cropped-face-logo.png","width":261,"height":220,"caption":"Col\u00e9gio Costa Aguiar - Aricanduva"},"image":{"@id":"https:\/\/colegiocostaaguiar.com.br\/aricanduva\/#\/schema\/logo\/image\/"}}]}},"_links":{"self":[{"href":"https:\/\/colegiocostaaguiar.com.br\/aricanduva\/wp-json\/wp\/v2\/pages\/46","targetHints":{"allow":["GET"]}}],"collection":[{"href":"https:\/\/colegiocostaaguiar.com.br\/aricanduva\/wp-json\/wp\/v2\/pages"}],"about":[{"href":"https:\/\/colegiocostaaguiar.com.br\/aricanduva\/wp-json\/wp\/v2\/types\/page"}],"author":[{"embeddable":true,"href":"https:\/\/colegiocostaaguiar.com.br\/aricanduva\/wp-json\/wp\/v2\/users\/1"}],"replies":[{"embeddable":true,"href":"https:\/\/colegiocostaaguiar.com.br\/aricanduva\/wp-json\/wp\/v2\/comments?post=46"}],"version-history":[{"count":3,"href":"https:\/\/colegiocostaaguiar.com.br\/aricanduva\/wp-json\/wp\/v2\/pages\/46\/revisions"}],"predecessor-version":[{"id":171,"href":"https:\/\/colegiocostaaguiar.com.br\/aricanduva\/wp-json\/wp\/v2\/pages\/46\/revisions\/171"}],"wp:attachment":[{"href":"https:\/\/colegiocostaaguiar.com.br\/aricanduva\/wp-json\/wp\/v2\/media?parent=46"}],"curies":[{"name":"wp","href":"https:\/\/api.w.org\/{rel}","templated":true}]}}