{"id":50,"date":"2020-12-28T20:50:41","date_gmt":"2020-12-28T23:50:41","guid":{"rendered":"http:\/\/cabelosbaronesa.com.br\/aricanduva\/?page_id=50"},"modified":"2021-10-19T13:37:07","modified_gmt":"2021-10-19T16:37:07","slug":"ensino-medio","status":"publish","type":"page","link":"https:\/\/colegiocostaaguiar.com.br\/aricanduva\/ensino-medio\/","title":{"rendered":"Ensino M\u00e9dio"},"content":{"rendered":"\t\t<div data-elementor-type=\"wp-page\" data-elementor-id=\"50\" class=\"elementor elementor-50\" data-elementor-post-type=\"page\">\n\t\t\t\t\t\t<section class=\"elementor-section elementor-top-section elementor-element elementor-element-0064481 elementor-section-boxed elementor-section-height-default elementor-section-height-default\" data-id=\"0064481\" data-element_type=\"section\">\n\t\t\t\t\t\t<div class=\"elementor-container elementor-column-gap-default\">\n\t\t\t\t\t<div class=\"elementor-column elementor-col-100 elementor-top-column elementor-element elementor-element-078020c\" data-id=\"078020c\" data-element_type=\"column\">\n\t\t\t<div class=\"elementor-widget-wrap elementor-element-populated\">\n\t\t\t\t\t\t<div class=\"elementor-element elementor-element-a517994 elementor-widget elementor-widget-heading\" data-id=\"a517994\" data-element_type=\"widget\" data-widget_type=\"heading.default\">\n\t\t\t\t<div class=\"elementor-widget-container\">\n\t\t\t<h2 class=\"elementor-heading-title elementor-size-default\">Ensino M\u00e9dio<\/h2>\t\t<\/div>\n\t\t\t\t<\/div>\n\t\t\t\t<div class=\"elementor-element elementor-element-caee62d elementor-widget elementor-widget-text-editor\" data-id=\"caee62d\" data-element_type=\"widget\" data-widget_type=\"text-editor.default\">\n\t\t\t\t<div class=\"elementor-widget-container\">\n\t\t\t\t\t\t\t<p><img fetchpriority=\"high\" decoding=\"async\" class=\"size-full wp-image-217 alignright\" src=\"http:\/\/colegiocostaaguiar.com.br\/wp-content\/uploads\/2020\/05\/foto-003.jpg\" alt=\"\" width=\"450\" height=\"300\" \/><\/p>\n<p>A BNCC, documento que determina as aprendizagens essenciais que todo estudante brasileiro, de escolas p\u00fablicas e privadas, dever\u00e1 desenvolver ao longo da Educa\u00e7\u00e3o B\u00e1sica, bem como a Lei n\u00ba 13.415\/2017, que altera a Lei de Diretrizes e Bases da Educa\u00e7\u00e3o Nacional (LDB), implementam mudan\u00e7as na estrutura do Ensino M\u00e9dio nas escolas brasileiras. Essa mudan\u00e7a, basicamente, se configura no aumento da carga hor\u00e1ria m\u00ednima e na possibilidade de escolha, por parte dos alunos, dos caminhos de aprofundamento de seus estudos.<\/p>\n<p>No Novo Ensino M\u00e9dio, os alunos cursar\u00e3o as disciplinas da Forma\u00e7\u00e3o B\u00e1sica mais as disciplinas dos Itiner\u00e1rios Formativos, que compreendem os conte\u00fados nos quais os alunos ir\u00e3o se aprofundar, de acordo com sua escolha.<\/p>\n<p>No caso do nosso Col\u00e9gio, optamos por implementar o Novo Ensino M\u00e9dio de forma gradual, iniciando na 1\u00aa S\u00e9rie do Ensino M\u00e9dio, a partir de 2021. Ofertaremos os itiner\u00e1rios\u00a0<strong>Linguagens e Humanidades<\/strong>\u00a0e\u00a0<strong>Ci\u00eancias da Natureza.<\/strong>\u00a0Passaremos a contar com sete aulas di\u00e1rias. Entretanto, os alunos da 1\u00aa S\u00e9rie, em 2021, ainda n\u00e3o far\u00e3o escolha: cursar\u00e3o ambos os itiner\u00e1rios e, na 2\u00aa S\u00e9rie, em 2022, far\u00e3o a escolha, de acordo com sua prefer\u00eancia.<\/p>\n<p>Estamos bastante otimistas com as mudan\u00e7as. Uma nova etapa, um novo formato, um novo material: sucesso garantido!<\/p>\n<h3 class=\"subtitulo1\">O COL\u00c9GIO OFERECE:<\/h3>\n<ul>\n<li>Ingl\u00eas<\/li>\n<li>Espanhol<\/li>\n<li>Atualidades<\/li>\n<li>Reda\u00e7\u00e3o<\/li>\n<li>Simulados<\/li>\n<li>Salas multim\u00eddias equipadas com lousas digitais<\/li>\n<li>Laborat\u00f3rio de Ci\u00eancias<\/li>\n<li>Educa\u00e7\u00e3o F\u00edsica<\/li>\n<li>Psic\u00f3loga<\/li>\n<li>Fonoaudi\u00f3loga<\/li>\n<\/ul>\n<h3 class=\"subtitulo2\">\u00cdCONE DIFERENCIAIS<\/h3>\n<ul>\n<li>Tradi\u00e7\u00e3o de 20 anos no Ensino;<\/li>\n<li>Presen\u00e7a di\u00e1ria e participa\u00e7\u00e3o direta dos mantenedores nos cuidados com os alunos;<\/li>\n<li>Calend\u00e1rio escolar para a turma do integral diferenciado \u2013 funcionamento no m\u00eas de julho, com programa\u00e7\u00e3o recreativa de f\u00e9rias;<\/li>\n<li>F\u00e9rias reduzidas no final do ano para as turmas do per\u00edodo integral;<\/li>\n<li>Corpo docente formado por professores graduados e em constante atualiza\u00e7\u00e3o acad\u00eamica;<\/li>\n<li>Aulas extras curriculares: M\u00fasica, Espanhol, Atualidades, Projetos, Capoeira, Dan\u00e7as e Ritmos, Oficinas de Reda\u00e7\u00e3o, Olimp\u00edadas;<\/li>\n<li>Hor\u00e1rio especial para alunos do Integral \u2013 6h30 \u00e0s 19h30.<\/li>\n<\/ul>\t\t\t\t\t\t<\/div>\n\t\t\t\t<\/div>\n\t\t\t\t\t<\/div>\n\t\t<\/div>\n\t\t\t\t\t<\/div>\n\t\t<\/section>\n\t\t\t\t<\/div>\n\t\t","protected":false},"excerpt":{"rendered":"<p>Ensino M\u00e9dio A BNCC, documento que determina as aprendizagens essenciais que todo estudante brasileiro, de escolas p\u00fablicas e privadas, dever\u00e1 desenvolver ao longo da Educa\u00e7\u00e3o&hellip;<\/p>\n","protected":false},"author":1,"featured_media":0,"parent":0,"menu_order":0,"comment_status":"closed","ping_status":"closed","template":"","meta":{"_joinchat":[],"footnotes":""},"class_list":["post-50","page","type-page","status-publish","hentry"],"yoast_head":"<!-- This site is optimized with the Yoast SEO plugin v25.8 - https:\/\/yoast.com\/wordpress\/plugins\/seo\/ -->\n<title>Ensino M\u00e9dio - Col\u00e9gio Costa Aguiar - Aricanduva<\/title>\n<meta name=\"robots\" content=\"index, follow, max-snippet:-1, max-image-preview:large, max-video-preview:-1\" \/>\n<link rel=\"canonical\" href=\"https:\/\/colegiocostaaguiar.com.br\/aricanduva\/ensino-medio\/\" \/>\n<meta property=\"og:locale\" content=\"pt_BR\" \/>\n<meta property=\"og:type\" content=\"article\" \/>\n<meta property=\"og:title\" content=\"Ensino M\u00e9dio - Col\u00e9gio Costa Aguiar - Aricanduva\" \/>\n<meta property=\"og:description\" content=\"Ensino M\u00e9dio A BNCC, documento que determina as aprendizagens essenciais que todo estudante brasileiro, de escolas p\u00fablicas e privadas, dever\u00e1 desenvolver ao longo da Educa\u00e7\u00e3o&hellip;\" \/>\n<meta property=\"og:url\" content=\"https:\/\/colegiocostaaguiar.com.br\/aricanduva\/ensino-medio\/\" \/>\n<meta property=\"og:site_name\" content=\"Col\u00e9gio Costa Aguiar - Aricanduva\" \/>\n<meta property=\"article:modified_time\" content=\"2021-10-19T16:37:07+00:00\" \/>\n<meta property=\"og:image\" content=\"http:\/\/colegiocostaaguiar.com.br\/wp-content\/uploads\/2020\/05\/foto-003.jpg\" \/>\n<meta name=\"twitter:card\" content=\"summary_large_image\" \/>\n<meta name=\"twitter:label1\" content=\"Est. tempo de leitura\" \/>\n\t<meta name=\"twitter:data1\" content=\"2 minutos\" \/>\n<script type=\"application\/ld+json\" class=\"yoast-schema-graph\">{\"@context\":\"https:\/\/schema.org\",\"@graph\":[{\"@type\":\"WebPage\",\"@id\":\"https:\/\/colegiocostaaguiar.com.br\/aricanduva\/ensino-medio\/\",\"url\":\"https:\/\/colegiocostaaguiar.com.br\/aricanduva\/ensino-medio\/\",\"name\":\"Ensino M\u00e9dio - Col\u00e9gio Costa Aguiar - Aricanduva\",\"isPartOf\":{\"@id\":\"https:\/\/colegiocostaaguiar.com.br\/aricanduva\/#website\"},\"primaryImageOfPage\":{\"@id\":\"https:\/\/colegiocostaaguiar.com.br\/aricanduva\/ensino-medio\/#primaryimage\"},\"image\":{\"@id\":\"https:\/\/colegiocostaaguiar.com.br\/aricanduva\/ensino-medio\/#primaryimage\"},\"thumbnailUrl\":\"http:\/\/colegiocostaaguiar.com.br\/wp-content\/uploads\/2020\/05\/foto-003.jpg\",\"datePublished\":\"2020-12-28T23:50:41+00:00\",\"dateModified\":\"2021-10-19T16:37:07+00:00\",\"breadcrumb\":{\"@id\":\"https:\/\/colegiocostaaguiar.com.br\/aricanduva\/ensino-medio\/#breadcrumb\"},\"inLanguage\":\"pt-BR\",\"potentialAction\":[{\"@type\":\"ReadAction\",\"target\":[\"https:\/\/colegiocostaaguiar.com.br\/aricanduva\/ensino-medio\/\"]}]},{\"@type\":\"ImageObject\",\"inLanguage\":\"pt-BR\",\"@id\":\"https:\/\/colegiocostaaguiar.com.br\/aricanduva\/ensino-medio\/#primaryimage\",\"url\":\"http:\/\/colegiocostaaguiar.com.br\/wp-content\/uploads\/2020\/05\/foto-003.jpg\",\"contentUrl\":\"http:\/\/colegiocostaaguiar.com.br\/wp-content\/uploads\/2020\/05\/foto-003.jpg\"},{\"@type\":\"BreadcrumbList\",\"@id\":\"https:\/\/colegiocostaaguiar.com.br\/aricanduva\/ensino-medio\/#breadcrumb\",\"itemListElement\":[{\"@type\":\"ListItem\",\"position\":1,\"name\":\"In\u00edcio\",\"item\":\"https:\/\/colegiocostaaguiar.com.br\/aricanduva\/\"},{\"@type\":\"ListItem\",\"position\":2,\"name\":\"Ensino M\u00e9dio\"}]},{\"@type\":\"WebSite\",\"@id\":\"https:\/\/colegiocostaaguiar.com.br\/aricanduva\/#website\",\"url\":\"https:\/\/colegiocostaaguiar.com.br\/aricanduva\/\",\"name\":\"Col\u00e9gio Costa Aguiar - Aricanduva\",\"description\":\"S\u00f3 mais um site Col\u00e9gio Costa Aguiar sites\",\"publisher\":{\"@id\":\"https:\/\/colegiocostaaguiar.com.br\/aricanduva\/#organization\"},\"potentialAction\":[{\"@type\":\"SearchAction\",\"target\":{\"@type\":\"EntryPoint\",\"urlTemplate\":\"https:\/\/colegiocostaaguiar.com.br\/aricanduva\/?s={search_term_string}\"},\"query-input\":{\"@type\":\"PropertyValueSpecification\",\"valueRequired\":true,\"valueName\":\"search_term_string\"}}],\"inLanguage\":\"pt-BR\"},{\"@type\":\"Organization\",\"@id\":\"https:\/\/colegiocostaaguiar.com.br\/aricanduva\/#organization\",\"name\":\"Col\u00e9gio Costa Aguiar - Aricanduva\",\"url\":\"https:\/\/colegiocostaaguiar.com.br\/aricanduva\/\",\"logo\":{\"@type\":\"ImageObject\",\"inLanguage\":\"pt-BR\",\"@id\":\"https:\/\/colegiocostaaguiar.com.br\/aricanduva\/#\/schema\/logo\/image\/\",\"url\":\"https:\/\/colegiocostaaguiar.com.br\/aricanduva\/wp-content\/uploads\/sites\/2\/2020\/12\/cropped-face-logo.png\",\"contentUrl\":\"https:\/\/colegiocostaaguiar.com.br\/aricanduva\/wp-content\/uploads\/sites\/2\/2020\/12\/cropped-face-logo.png\",\"width\":261,\"height\":220,\"caption\":\"Col\u00e9gio Costa Aguiar - Aricanduva\"},\"image\":{\"@id\":\"https:\/\/colegiocostaaguiar.com.br\/aricanduva\/#\/schema\/logo\/image\/\"}}]}<\/script>\n<!-- \/ Yoast SEO plugin. -->","yoast_head_json":{"title":"Ensino M\u00e9dio - Col\u00e9gio Costa Aguiar - Aricanduva","robots":{"index":"index","follow":"follow","max-snippet":"max-snippet:-1","max-image-preview":"max-image-preview:large","max-video-preview":"max-video-preview:-1"},"canonical":"https:\/\/colegiocostaaguiar.com.br\/aricanduva\/ensino-medio\/","og_locale":"pt_BR","og_type":"article","og_title":"Ensino M\u00e9dio - Col\u00e9gio Costa Aguiar - Aricanduva","og_description":"Ensino M\u00e9dio A BNCC, documento que determina as aprendizagens essenciais que todo estudante brasileiro, de escolas p\u00fablicas e privadas, dever\u00e1 desenvolver ao longo da Educa\u00e7\u00e3o&hellip;","og_url":"https:\/\/colegiocostaaguiar.com.br\/aricanduva\/ensino-medio\/","og_site_name":"Col\u00e9gio Costa Aguiar - Aricanduva","article_modified_time":"2021-10-19T16:37:07+00:00","og_image":[{"url":"http:\/\/colegiocostaaguiar.com.br\/wp-content\/uploads\/2020\/05\/foto-003.jpg","type":"","width":"","height":""}],"twitter_card":"summary_large_image","twitter_misc":{"Est. tempo de leitura":"2 minutos"},"schema":{"@context":"https:\/\/schema.org","@graph":[{"@type":"WebPage","@id":"https:\/\/colegiocostaaguiar.com.br\/aricanduva\/ensino-medio\/","url":"https:\/\/colegiocostaaguiar.com.br\/aricanduva\/ensino-medio\/","name":"Ensino M\u00e9dio - Col\u00e9gio Costa Aguiar - Aricanduva","isPartOf":{"@id":"https:\/\/colegiocostaaguiar.com.br\/aricanduva\/#website"},"primaryImageOfPage":{"@id":"https:\/\/colegiocostaaguiar.com.br\/aricanduva\/ensino-medio\/#primaryimage"},"image":{"@id":"https:\/\/colegiocostaaguiar.com.br\/aricanduva\/ensino-medio\/#primaryimage"},"thumbnailUrl":"http:\/\/colegiocostaaguiar.com.br\/wp-content\/uploads\/2020\/05\/foto-003.jpg","datePublished":"2020-12-28T23:50:41+00:00","dateModified":"2021-10-19T16:37:07+00:00","breadcrumb":{"@id":"https:\/\/colegiocostaaguiar.com.br\/aricanduva\/ensino-medio\/#breadcrumb"},"inLanguage":"pt-BR","potentialAction":[{"@type":"ReadAction","target":["https:\/\/colegiocostaaguiar.com.br\/aricanduva\/ensino-medio\/"]}]},{"@type":"ImageObject","inLanguage":"pt-BR","@id":"https:\/\/colegiocostaaguiar.com.br\/aricanduva\/ensino-medio\/#primaryimage","url":"http:\/\/colegiocostaaguiar.com.br\/wp-content\/uploads\/2020\/05\/foto-003.jpg","contentUrl":"http:\/\/colegiocostaaguiar.com.br\/wp-content\/uploads\/2020\/05\/foto-003.jpg"},{"@type":"BreadcrumbList","@id":"https:\/\/colegiocostaaguiar.com.br\/aricanduva\/ensino-medio\/#breadcrumb","itemListElement":[{"@type":"ListItem","position":1,"name":"In\u00edcio","item":"https:\/\/colegiocostaaguiar.com.br\/aricanduva\/"},{"@type":"ListItem","position":2,"name":"Ensino M\u00e9dio"}]},{"@type":"WebSite","@id":"https:\/\/colegiocostaaguiar.com.br\/aricanduva\/#website","url":"https:\/\/colegiocostaaguiar.com.br\/aricanduva\/","name":"Col\u00e9gio Costa Aguiar - Aricanduva","description":"S\u00f3 mais um site Col\u00e9gio Costa Aguiar sites","publisher":{"@id":"https:\/\/colegiocostaaguiar.com.br\/aricanduva\/#organization"},"potentialAction":[{"@type":"SearchAction","target":{"@type":"EntryPoint","urlTemplate":"https:\/\/colegiocostaaguiar.com.br\/aricanduva\/?s={search_term_string}"},"query-input":{"@type":"PropertyValueSpecification","valueRequired":true,"valueName":"search_term_string"}}],"inLanguage":"pt-BR"},{"@type":"Organization","@id":"https:\/\/colegiocostaaguiar.com.br\/aricanduva\/#organization","name":"Col\u00e9gio Costa Aguiar - Aricanduva","url":"https:\/\/colegiocostaaguiar.com.br\/aricanduva\/","logo":{"@type":"ImageObject","inLanguage":"pt-BR","@id":"https:\/\/colegiocostaaguiar.com.br\/aricanduva\/#\/schema\/logo\/image\/","url":"https:\/\/colegiocostaaguiar.com.br\/aricanduva\/wp-content\/uploads\/sites\/2\/2020\/12\/cropped-face-logo.png","contentUrl":"https:\/\/colegiocostaaguiar.com.br\/aricanduva\/wp-content\/uploads\/sites\/2\/2020\/12\/cropped-face-logo.png","width":261,"height":220,"caption":"Col\u00e9gio Costa Aguiar - Aricanduva"},"image":{"@id":"https:\/\/colegiocostaaguiar.com.br\/aricanduva\/#\/schema\/logo\/image\/"}}]}},"_links":{"self":[{"href":"https:\/\/colegiocostaaguiar.com.br\/aricanduva\/wp-json\/wp\/v2\/pages\/50","targetHints":{"allow":["GET"]}}],"collection":[{"href":"https:\/\/colegiocostaaguiar.com.br\/aricanduva\/wp-json\/wp\/v2\/pages"}],"about":[{"href":"https:\/\/colegiocostaaguiar.com.br\/aricanduva\/wp-json\/wp\/v2\/types\/page"}],"author":[{"embeddable":true,"href":"https:\/\/colegiocostaaguiar.com.br\/aricanduva\/wp-json\/wp\/v2\/users\/1"}],"replies":[{"embeddable":true,"href":"https:\/\/colegiocostaaguiar.com.br\/aricanduva\/wp-json\/wp\/v2\/comments?post=50"}],"version-history":[{"count":2,"href":"https:\/\/colegiocostaaguiar.com.br\/aricanduva\/wp-json\/wp\/v2\/pages\/50\/revisions"}],"predecessor-version":[{"id":116,"href":"https:\/\/colegiocostaaguiar.com.br\/aricanduva\/wp-json\/wp\/v2\/pages\/50\/revisions\/116"}],"wp:attachment":[{"href":"https:\/\/colegiocostaaguiar.com.br\/aricanduva\/wp-json\/wp\/v2\/media?parent=50"}],"curies":[{"name":"wp","href":"https:\/\/api.w.org\/{rel}","templated":true}]}}